{"id":4195,"date":"2016-03-06T14:27:43","date_gmt":"2016-03-06T14:27:43","guid":{"rendered":"http:\/\/localhost\/piamat\/coming-soon\/"},"modified":"2024-10-16T22:29:34","modified_gmt":"2024-10-16T19:29:34","slug":"coming-soon","status":"publish","type":"page","link":"https:\/\/sahoglularigroup.com\/en\/coming-soon\/","title":{"rendered":"Coming Soon"},"content":{"rendered":"<div class=\"grve-section grve-light grve-feature-header grve-feature-footer\" data-section-title=\"\" data-section-type=\"fullwidth-background\" data-image-type=\"none\" data-full-height=\"yes\"  style=\"color:#ffffff;margin-bottom: 0px;\"><div class=\"grve-row grve-bookmark\"><div class=\"wpb_column grve-column grve-bookmark grve-column-1 vc_custom_1683898228269\"><div class=\"grve-element grve-image grve-animated-item grve-fadeInUp grve-align-center\" style=\"margin-bottom: 30px;\" data-delay=\"200\"><img loading=\"lazy\" decoding=\"async\" width=\"200\" height=\"84\" src=\"https:\/\/sahoglularigroup.com\/wp-content\/uploads\/2024\/09\/logo-light.png\" class=\"attachment-full size-full\" alt=\"\" srcset=\"https:\/\/sahoglularigroup.com\/wp-content\/uploads\/2024\/09\/logo-light.png 1x,https:\/\/sahoglularigroup.com\/wp-content\/uploads\/2024\/09\/logo-light.png 2x\" \/><\/div><h1 class=\"grve-element grve-align-center grve-title-no-line grve-h1 grve-animated-item grve-fadeInUp\" style=\"margin-bottom: 0px;\" data-delay=\"400\"><span>Web sitemiz<\/span><\/h1><h1 class=\"grve-element grve-align-center grve-title-no-line grve-h1 grve-animated-item grve-fadeInUp\" style=\"margin-bottom: 40px;\" data-delay=\"600\"><span>yap\u0131m a\u015famas\u0131ndad\u0131r.<\/span><\/h1><div class=\"grve-element grve-align-center grve-animated-item grve-fadeInUp\" data-delay=\"900\"><a class=\"grve-btn grve-btn-small grve-extra-round grve-white-color grve-btn-line\" href=\"http:\/\/sahoglularigroup.com\/en\/\" target=\"_self\" style=\"\"><span>Home<\/span><\/a><\/div><div class=\"grve-element grve-align-center grve-animated-item grve-fadeInUp\" data-delay=\"900\"><a class=\"grve-btn grve-btn-small grve-extra-round grve-white-color grve-btn-line\" href=\"mailto:%20aluwork@sahoglulariltd.com\" target=\"_self\" style=\"\"><span>Contact<\/span><\/a><\/div><\/div> <\/div><div class=\"grve-background-wrapper\">  <div class=\"grve-dark-overlay grve-overlay-20\"><\/div>  <div class=\"grve-bg-image\"   style=\"background-image: url(https:\/\/sahoglularigroup.com\/wp-content\/uploads\/2024\/09\/slide1-1.jpg);\"><\/div><\/div><\/div>","protected":false},"excerpt":{"rendered":"Web sitemizyap\u0131m a\u015famas\u0131ndad\u0131r.Ana Sayfa\u0130leti\u015fim","protected":false},"author":1,"featured_media":0,"parent":0,"menu_order":0,"comment_status":"closed","ping_status":"closed","template":"page-templates\/template-content-only.php","meta":{"footnotes":""},"class_list":["post-4195","page","type-page","status-publish","hentry"],"yoast_head":"<!-- This site is optimized with the Yoast SEO plugin v27.0 - https:\/\/yoast.com\/product\/yoast-seo-wordpress\/ -->\n<title>Coming Soon - ALUWORK ALUMINIUM SYSTEM PROFILES A.\u015eAHO\u011eLULARI LTD.<\/title>\n<meta name=\"robots\" content=\"index, follow, max-snippet:-1, max-image-preview:large, max-video-preview:-1\" \/>\n<link rel=\"canonical\" href=\"https:\/\/sahoglularigroup.com\/en\/coming-soon\/\" \/>\n<meta property=\"og:locale\" content=\"en_GB\" \/>\n<meta property=\"og:type\" content=\"article\" \/>\n<meta property=\"og:title\" content=\"Coming Soon - ALUWORK ALUMINIUM SYSTEM PROFILES A.\u015eAHO\u011eLULARI LTD.\" \/>\n<meta property=\"og:url\" content=\"https:\/\/sahoglularigroup.com\/en\/coming-soon\/\" \/>\n<meta property=\"og:site_name\" content=\"ALUWORK ALUMINIUM SYSTEM PROFILES A.\u015eAHO\u011eLULARI LTD.\" \/>\n<meta property=\"article:publisher\" content=\"https:\/\/www.facebook.com\/aluworkcyprus\/\" \/>\n<meta property=\"article:modified_time\" content=\"2024-10-16T19:29:34+00:00\" \/>\n<meta name=\"twitter:card\" content=\"summary_large_image\" \/>\n<meta name=\"twitter:label1\" content=\"Estimated reading time\" \/>\n\t<meta name=\"twitter:data1\" content=\"1 minute\" \/>\n<script type=\"application\/ld+json\" class=\"yoast-schema-graph\">{\"@context\":\"https:\/\/schema.org\",\"@graph\":[{\"@type\":\"WebPage\",\"@id\":\"https:\/\/sahoglularigroup.com\/coming-soon\/\",\"url\":\"https:\/\/sahoglularigroup.com\/coming-soon\/\",\"name\":\"Coming Soon - ALUWORK ALUMINIUM SYSTEM PROFILES A.\u015eAHO\u011eLULARI LTD.\",\"isPartOf\":{\"@id\":\"https:\/\/sahoglularigroup.com\/#website\"},\"datePublished\":\"2016-03-06T14:27:43+00:00\",\"dateModified\":\"2024-10-16T19:29:34+00:00\",\"breadcrumb\":{\"@id\":\"https:\/\/sahoglularigroup.com\/coming-soon\/#breadcrumb\"},\"inLanguage\":\"en-GB\",\"potentialAction\":[{\"@type\":\"ReadAction\",\"target\":[\"https:\/\/sahoglularigroup.com\/coming-soon\/\"]}]},{\"@type\":\"BreadcrumbList\",\"@id\":\"https:\/\/sahoglularigroup.com\/coming-soon\/#breadcrumb\",\"itemListElement\":[{\"@type\":\"ListItem\",\"position\":1,\"name\":\"Anasayfa\",\"item\":\"https:\/\/sahoglularigroup.com\/\"},{\"@type\":\"ListItem\",\"position\":2,\"name\":\"Coming Soon\"}]},{\"@type\":\"WebSite\",\"@id\":\"https:\/\/sahoglularigroup.com\/#website\",\"url\":\"https:\/\/sahoglularigroup.com\/\",\"name\":\"ALUWORK ALUMINIUM SYSTEM PROFILES A.\u015eAHO\u011eLULARI LTD.\",\"description\":\"Yar\u0131m As\u0131rl\u0131k Tecr\u00fcbe\u2026\",\"publisher\":{\"@id\":\"https:\/\/sahoglularigroup.com\/#organization\"},\"alternateName\":\"Al\u00fcminyum Kap\u0131 ve Pencere Sistemleri Al\u00fcminyum Giydirme Cephe Sistemleri\",\"potentialAction\":[{\"@type\":\"SearchAction\",\"target\":{\"@type\":\"EntryPoint\",\"urlTemplate\":\"https:\/\/sahoglularigroup.com\/?s={search_term_string}\"},\"query-input\":{\"@type\":\"PropertyValueSpecification\",\"valueRequired\":true,\"valueName\":\"search_term_string\"}}],\"inLanguage\":\"en-GB\"},{\"@type\":\"Organization\",\"@id\":\"https:\/\/sahoglularigroup.com\/#organization\",\"name\":\"ALUWORK ALUMINIUM SYSTEM PROFILES A.\u015eAHO\u011eLULARI LTD.\",\"alternateName\":\"Al\u00fcminyum Kap\u0131 ve Pencere Sistemleri Al\u00fcminyum Giydirme Cephe Sistemleri\",\"url\":\"https:\/\/sahoglularigroup.com\/\",\"logo\":{\"@type\":\"ImageObject\",\"inLanguage\":\"en-GB\",\"@id\":\"https:\/\/sahoglularigroup.com\/#\/schema\/logo\/image\/\",\"url\":\"https:\/\/sahoglularigroup.com\/wp-content\/uploads\/2025\/04\/Sahoglulari-icon.png\",\"contentUrl\":\"https:\/\/sahoglularigroup.com\/wp-content\/uploads\/2025\/04\/Sahoglulari-icon.png\",\"width\":130,\"height\":130,\"caption\":\"ALUWORK ALUMINIUM SYSTEM PROFILES A.\u015eAHO\u011eLULARI LTD.\"},\"image\":{\"@id\":\"https:\/\/sahoglularigroup.com\/#\/schema\/logo\/image\/\"},\"sameAs\":[\"https:\/\/www.facebook.com\/aluworkcyprus\/\",\"https:\/\/www.instagram.com\/aluworkcyprus\/\"]}]}<\/script>\n<!-- \/ Yoast SEO plugin. -->","yoast_head_json":{"title":"Coming Soon - ALUWORK ALUMINIUM SYSTEM PROFILES A.\u015eAHO\u011eLULARI LTD.","robots":{"index":"index","follow":"follow","max-snippet":"max-snippet:-1","max-image-preview":"max-image-preview:large","max-video-preview":"max-video-preview:-1"},"canonical":"https:\/\/sahoglularigroup.com\/en\/coming-soon\/","og_locale":"en_GB","og_type":"article","og_title":"Coming Soon - ALUWORK ALUMINIUM SYSTEM PROFILES A.\u015eAHO\u011eLULARI LTD.","og_url":"https:\/\/sahoglularigroup.com\/en\/coming-soon\/","og_site_name":"ALUWORK ALUMINIUM SYSTEM PROFILES A.\u015eAHO\u011eLULARI LTD.","article_publisher":"https:\/\/www.facebook.com\/aluworkcyprus\/","article_modified_time":"2024-10-16T19:29:34+00:00","twitter_card":"summary_large_image","twitter_misc":{"Estimated reading time":"1 minute"},"schema":{"@context":"https:\/\/schema.org","@graph":[{"@type":"WebPage","@id":"https:\/\/sahoglularigroup.com\/coming-soon\/","url":"https:\/\/sahoglularigroup.com\/coming-soon\/","name":"Coming Soon - ALUWORK ALUMINIUM SYSTEM PROFILES A.\u015eAHO\u011eLULARI LTD.","isPartOf":{"@id":"https:\/\/sahoglularigroup.com\/#website"},"datePublished":"2016-03-06T14:27:43+00:00","dateModified":"2024-10-16T19:29:34+00:00","breadcrumb":{"@id":"https:\/\/sahoglularigroup.com\/coming-soon\/#breadcrumb"},"inLanguage":"en-GB","potentialAction":[{"@type":"ReadAction","target":["https:\/\/sahoglularigroup.com\/coming-soon\/"]}]},{"@type":"BreadcrumbList","@id":"https:\/\/sahoglularigroup.com\/coming-soon\/#breadcrumb","itemListElement":[{"@type":"ListItem","position":1,"name":"Anasayfa","item":"https:\/\/sahoglularigroup.com\/"},{"@type":"ListItem","position":2,"name":"Coming Soon"}]},{"@type":"WebSite","@id":"https:\/\/sahoglularigroup.com\/#website","url":"https:\/\/sahoglularigroup.com\/","name":"ALUWORK ALUMINIUM SYSTEM PROFILES A.\u015eAHO\u011eLULARI LTD.","description":"Half a Century of Experience...","publisher":{"@id":"https:\/\/sahoglularigroup.com\/#organization"},"alternateName":"Al\u00fcminyum Kap\u0131 ve Pencere Sistemleri Al\u00fcminyum Giydirme Cephe Sistemleri","potentialAction":[{"@type":"SearchAction","target":{"@type":"EntryPoint","urlTemplate":"https:\/\/sahoglularigroup.com\/?s={search_term_string}"},"query-input":{"@type":"PropertyValueSpecification","valueRequired":true,"valueName":"search_term_string"}}],"inLanguage":"en-GB"},{"@type":"Organization","@id":"https:\/\/sahoglularigroup.com\/#organization","name":"ALUWORK ALUMINIUM SYSTEM PROFILES A.\u015eAHO\u011eLULARI LTD.","alternateName":"Al\u00fcminyum Kap\u0131 ve Pencere Sistemleri Al\u00fcminyum Giydirme Cephe Sistemleri","url":"https:\/\/sahoglularigroup.com\/","logo":{"@type":"ImageObject","inLanguage":"en-GB","@id":"https:\/\/sahoglularigroup.com\/#\/schema\/logo\/image\/","url":"https:\/\/sahoglularigroup.com\/wp-content\/uploads\/2025\/04\/Sahoglulari-icon.png","contentUrl":"https:\/\/sahoglularigroup.com\/wp-content\/uploads\/2025\/04\/Sahoglulari-icon.png","width":130,"height":130,"caption":"ALUWORK ALUMINIUM SYSTEM PROFILES A.\u015eAHO\u011eLULARI LTD."},"image":{"@id":"https:\/\/sahoglularigroup.com\/#\/schema\/logo\/image\/"},"sameAs":["https:\/\/www.facebook.com\/aluworkcyprus\/","https:\/\/www.instagram.com\/aluworkcyprus\/"]}]}},"_links":{"self":[{"href":"https:\/\/sahoglularigroup.com\/en\/wp-json\/wp\/v2\/pages\/4195","targetHints":{"allow":["GET"]}}],"collection":[{"href":"https:\/\/sahoglularigroup.com\/en\/wp-json\/wp\/v2\/pages"}],"about":[{"href":"https:\/\/sahoglularigroup.com\/en\/wp-json\/wp\/v2\/types\/page"}],"author":[{"embeddable":true,"href":"https:\/\/sahoglularigroup.com\/en\/wp-json\/wp\/v2\/users\/1"}],"replies":[{"embeddable":true,"href":"https:\/\/sahoglularigroup.com\/en\/wp-json\/wp\/v2\/comments?post=4195"}],"version-history":[{"count":0,"href":"https:\/\/sahoglularigroup.com\/en\/wp-json\/wp\/v2\/pages\/4195\/revisions"}],"wp:attachment":[{"href":"https:\/\/sahoglularigroup.com\/en\/wp-json\/wp\/v2\/media?parent=4195"}],"curies":[{"name":"wp","href":"https:\/\/api.w.org\/{rel}","templated":true}]}}