{"id":6414,"date":"2024-10-03T16:11:31","date_gmt":"2024-10-03T13:11:31","guid":{"rendered":"http:\/\/sahoglularigroup.com\/?page_id=6414"},"modified":"2024-10-03T16:11:45","modified_gmt":"2024-10-03T13:11:45","slug":"mekanik-islem","status":"publish","type":"page","link":"https:\/\/sahoglularigroup.com\/en\/mekanik-islem\/","title":{"rendered":"Mechanical Process"},"content":{"rendered":"<div class=\"grve-section\" data-section-title=\"\" data-section-type=\"fullwidth-background\" data-image-type=\"none\" data-full-height=\"no\"><div class=\"grve-row grve-bookmark\"><div class=\"wpb_column grve-column grve-bookmark grve-column-1\"><div class=\"grve-element grve-slogan grve-align-center\" style=\"\"><h1 class=\"grve-slogan-title grve-align-center grve-title-line\"><span>Mechanical Process<\/span><\/h1>  <p class=\"\"><\/p><\/div><\/div> <\/div><div class=\"grve-background-wrapper\"><\/div><\/div><div class=\"grve-section\" data-section-title=\"\" data-section-type=\"fullwidth-background\" data-image-type=\"none\" data-full-height=\"no\"><div class=\"grve-row grve-bookmark\"><div class=\"wpb_column grve-column grve-bookmark grve-column-1\"><div class=\"grve-element grve-text\"><p style=\"text-align: center;\">\u00c7e\u015fitli farkl\u0131 end\u00fcstrilerde kullan\u0131lmak \u00fczere \u00fcretti\u011fimiz al\u00fcminyum profillerin ekstr\u00fczyon s\u00fcreci i\u015fimizin merkezinde yer al\u0131yor.<br \/>\nEkstr\u00fczyon i\u015flemi, al\u00fcminyum k\u00fct\u00fcklerin \u00f6zel haz\u0131rlanm\u0131\u015f kal\u0131plardan ge\u00e7irilmesini i\u00e7erir. Al\u00fcminyum par\u00e7as\u0131n\u0131n bir kal\u0131p i\u00e7inden itildi\u011fi ve al\u00fcminyum \u00e7ubu\u011fun s\u00f6z konusu kesite uyacak \u015fekilde \u015fekillendirildi\u011fi bir i\u015flemdir.<\/p>\n<p style=\"text-align: center;\"><strong>Ekstr\u00fczyon S\u00fcreci<br \/>\n<\/strong>Ekstr\u00fczyon, al\u00fcminyum biyetin (billet), presin sa\u011flad\u0131\u011f\u0131 b\u00fcy\u00fck kuvvet ile, \u00e7elik kal\u0131plar i\u00e7erisinden ge\u00e7irilerek, kal\u0131b\u0131n \u015fekline sahip olan profilin elde edilmesi s\u00fcrecidir. Al\u00fcminyum ekstr\u00fczyon s\u0131cak olarak yap\u0131l\u0131r, biyetler 420-470 \u00b0C \u0131s\u0131t\u0131l\u0131r, kal\u0131plar 450\u00b0C \u0131s\u0131t\u0131lm\u0131\u015f olmal\u0131d\u0131r ve presten \u00e7\u0131kan profilin s\u0131cakl\u0131\u011f\u0131 500\u00b0C nin \u00fczerindedir. Ekstr\u00fczyondan \u00e7\u0131kan profil so\u011futulur, so\u011fuk germe i\u015flemi\u015f yap\u0131l\u0131r ve istenen boyda kesilir. Daha sonra yapay ya\u015fland\u0131rma olarak tabir edilen Termik (\u0131s\u0131l i\u015flem) uygulanarak profillere mukavemet kazand\u0131r\u0131l\u0131r. Bu i\u015flem esnas\u0131nda profiller 180\u00b0C de 8 saat tutulur. Ekstr\u00fczyon bir anlamda al\u00fcminyum biyet kesitinin, al\u00fcminyum profil kesitine d\u00f6n\u00fc\u015ft\u00fcr\u00fclmesidir. Bu nedenle kullan\u0131lan biyetin kesiti, \u00fcretilecek profil kesitine y\u00fczey \u00f6l\u00e7\u00fcm\u00fc olarak ne kadar yak\u0131n ise, i\u015flem o kadar kolay olur. Sonu\u00e7 olarak ince ve k\u00fc\u00e7\u00fck kesitli profillerin \u00fcretimi i\u00e7in k\u00fc\u00e7\u00fck \u00f6l\u00e7\u00fcde biyet ve ona uygun kuvvette pres, b\u00fcy\u00fck profiller i\u00e7in de b\u00fcy\u00fck \u00f6l\u00e7\u00fclerde kal\u0131p, biyet ve pres gereklidir.<\/p>\n<\/div><\/div> <\/div><div class=\"grve-background-wrapper\"><\/div><\/div><div class=\"grve-section\" data-section-title=\"\" data-section-type=\"fullwidth-element\" data-image-type=\"none\" data-full-height=\"no\"><div class=\"grve-row grve-bookmark\"><div class=\"wpb_column grve-column grve-bookmark grve-column-1\"><div class=\"grve-element grve-gallery grve-isotope grve-gallery-popup\" style=\"\" data-gutter=\"no\" data-type=\"3-columns\" data-layout=\"fitRows\"><div class=\"grve-isotope-container\"><div class=\"grve-isotope-item\"><a href=\"https:\/\/sahoglularigroup.com\/wp-content\/uploads\/2024\/10\/uretim-1.jpg\"><figure class=\"grve-image-hover grve-zoom-in\"><div class=\"grve-media grve-dark-overlay grve-opacity-60\"><img loading=\"lazy\" decoding=\"async\" width=\"560\" height=\"560\" src=\"https:\/\/sahoglularigroup.com\/wp-content\/uploads\/2024\/10\/uretim-1-560x560.jpg\" class=\"attachment-grve-image-small-square size-grve-image-small-square\" alt=\"\" srcset=\"https:\/\/sahoglularigroup.com\/wp-content\/uploads\/2024\/10\/uretim-1-560x560.jpg 560w, https:\/\/sahoglularigroup.com\/wp-content\/uploads\/2024\/10\/uretim-1-300x300.jpg 300w, https:\/\/sahoglularigroup.com\/wp-content\/uploads\/2024\/10\/uretim-1-150x150.jpg 150w, https:\/\/sahoglularigroup.com\/wp-content\/uploads\/2024\/10\/uretim-1-12x12.jpg 12w, https:\/\/sahoglularigroup.com\/wp-content\/uploads\/2024\/10\/uretim-1-80x80.jpg 80w, https:\/\/sahoglularigroup.com\/wp-content\/uploads\/2024\/10\/uretim-1.jpg 600w\" sizes=\"auto, (max-width: 560px) 100vw, 560px\" \/><\/div><figcaption><\/figcaption><\/figure><\/a><\/div><div class=\"grve-isotope-item\"><a href=\"https:\/\/sahoglularigroup.com\/wp-content\/uploads\/2024\/10\/uretim-2.jpg\"><figure class=\"grve-image-hover grve-zoom-in\"><div class=\"grve-media grve-dark-overlay grve-opacity-60\"><img loading=\"lazy\" decoding=\"async\" width=\"560\" height=\"560\" src=\"https:\/\/sahoglularigroup.com\/wp-content\/uploads\/2024\/10\/uretim-2-560x560.jpg\" class=\"attachment-grve-image-small-square size-grve-image-small-square\" alt=\"\" srcset=\"https:\/\/sahoglularigroup.com\/wp-content\/uploads\/2024\/10\/uretim-2-560x560.jpg 560w, https:\/\/sahoglularigroup.com\/wp-content\/uploads\/2024\/10\/uretim-2-300x300.jpg 300w, https:\/\/sahoglularigroup.com\/wp-content\/uploads\/2024\/10\/uretim-2-150x150.jpg 150w, https:\/\/sahoglularigroup.com\/wp-content\/uploads\/2024\/10\/uretim-2-12x12.jpg 12w, https:\/\/sahoglularigroup.com\/wp-content\/uploads\/2024\/10\/uretim-2-80x80.jpg 80w, https:\/\/sahoglularigroup.com\/wp-content\/uploads\/2024\/10\/uretim-2.jpg 600w\" sizes=\"auto, (max-width: 560px) 100vw, 560px\" \/><\/div><figcaption><\/figcaption><\/figure><\/a><\/div><div class=\"grve-isotope-item\"><a href=\"https:\/\/sahoglularigroup.com\/wp-content\/uploads\/2024\/10\/uretim-3.jpg\"><figure class=\"grve-image-hover grve-zoom-in\"><div class=\"grve-media grve-dark-overlay grve-opacity-60\"><img loading=\"lazy\" decoding=\"async\" width=\"560\" height=\"560\" src=\"https:\/\/sahoglularigroup.com\/wp-content\/uploads\/2024\/10\/uretim-3-560x560.jpg\" class=\"attachment-grve-image-small-square size-grve-image-small-square\" alt=\"\" srcset=\"https:\/\/sahoglularigroup.com\/wp-content\/uploads\/2024\/10\/uretim-3-560x560.jpg 560w, https:\/\/sahoglularigroup.com\/wp-content\/uploads\/2024\/10\/uretim-3-300x300.jpg 300w, https:\/\/sahoglularigroup.com\/wp-content\/uploads\/2024\/10\/uretim-3-150x150.jpg 150w, https:\/\/sahoglularigroup.com\/wp-content\/uploads\/2024\/10\/uretim-3-12x12.jpg 12w, https:\/\/sahoglularigroup.com\/wp-content\/uploads\/2024\/10\/uretim-3-80x80.jpg 80w, https:\/\/sahoglularigroup.com\/wp-content\/uploads\/2024\/10\/uretim-3.jpg 600w\" sizes=\"auto, (max-width: 560px) 100vw, 560px\" \/><\/div><figcaption><\/figcaption><\/figure><\/a><\/div><div class=\"grve-isotope-item\"><a href=\"https:\/\/sahoglularigroup.com\/wp-content\/uploads\/2024\/10\/uretim-5.jpg\"><figure class=\"grve-image-hover grve-zoom-in\"><div class=\"grve-media grve-dark-overlay grve-opacity-60\"><img loading=\"lazy\" decoding=\"async\" width=\"560\" height=\"560\" src=\"https:\/\/sahoglularigroup.com\/wp-content\/uploads\/2024\/10\/uretim-5-560x560.jpg\" class=\"attachment-grve-image-small-square size-grve-image-small-square\" alt=\"\" srcset=\"https:\/\/sahoglularigroup.com\/wp-content\/uploads\/2024\/10\/uretim-5-560x560.jpg 560w, https:\/\/sahoglularigroup.com\/wp-content\/uploads\/2024\/10\/uretim-5-300x300.jpg 300w, https:\/\/sahoglularigroup.com\/wp-content\/uploads\/2024\/10\/uretim-5-150x150.jpg 150w, https:\/\/sahoglularigroup.com\/wp-content\/uploads\/2024\/10\/uretim-5-12x12.jpg 12w, https:\/\/sahoglularigroup.com\/wp-content\/uploads\/2024\/10\/uretim-5-80x80.jpg 80w, https:\/\/sahoglularigroup.com\/wp-content\/uploads\/2024\/10\/uretim-5.jpg 600w\" sizes=\"auto, (max-width: 560px) 100vw, 560px\" \/><\/div><figcaption><\/figcaption><\/figure><\/a><\/div><div class=\"grve-isotope-item\"><a href=\"https:\/\/sahoglularigroup.com\/wp-content\/uploads\/2024\/10\/uretim-6.jpg\"><figure class=\"grve-image-hover grve-zoom-in\"><div class=\"grve-media grve-dark-overlay grve-opacity-60\"><img loading=\"lazy\" decoding=\"async\" width=\"560\" height=\"560\" src=\"https:\/\/sahoglularigroup.com\/wp-content\/uploads\/2024\/10\/uretim-6-560x560.jpg\" class=\"attachment-grve-image-small-square size-grve-image-small-square\" alt=\"\" srcset=\"https:\/\/sahoglularigroup.com\/wp-content\/uploads\/2024\/10\/uretim-6-560x560.jpg 560w, https:\/\/sahoglularigroup.com\/wp-content\/uploads\/2024\/10\/uretim-6-300x300.jpg 300w, https:\/\/sahoglularigroup.com\/wp-content\/uploads\/2024\/10\/uretim-6-150x150.jpg 150w, https:\/\/sahoglularigroup.com\/wp-content\/uploads\/2024\/10\/uretim-6-12x12.jpg 12w, https:\/\/sahoglularigroup.com\/wp-content\/uploads\/2024\/10\/uretim-6-80x80.jpg 80w, https:\/\/sahoglularigroup.com\/wp-content\/uploads\/2024\/10\/uretim-6.jpg 600w\" sizes=\"auto, (max-width: 560px) 100vw, 560px\" \/><\/div><figcaption><\/figcaption><\/figure><\/a><\/div><div class=\"grve-isotope-item\"><a href=\"https:\/\/sahoglularigroup.com\/wp-content\/uploads\/2024\/10\/uretim-4.jpg\"><figure class=\"grve-image-hover grve-zoom-in\"><div class=\"grve-media grve-dark-overlay grve-opacity-60\"><img loading=\"lazy\" decoding=\"async\" width=\"560\" height=\"560\" src=\"https:\/\/sahoglularigroup.com\/wp-content\/uploads\/2024\/10\/uretim-4-560x560.jpg\" class=\"attachment-grve-image-small-square size-grve-image-small-square\" alt=\"\" srcset=\"https:\/\/sahoglularigroup.com\/wp-content\/uploads\/2024\/10\/uretim-4-560x560.jpg 560w, https:\/\/sahoglularigroup.com\/wp-content\/uploads\/2024\/10\/uretim-4-300x300.jpg 300w, https:\/\/sahoglularigroup.com\/wp-content\/uploads\/2024\/10\/uretim-4-150x150.jpg 150w, https:\/\/sahoglularigroup.com\/wp-content\/uploads\/2024\/10\/uretim-4-12x12.jpg 12w, https:\/\/sahoglularigroup.com\/wp-content\/uploads\/2024\/10\/uretim-4-80x80.jpg 80w, https:\/\/sahoglularigroup.com\/wp-content\/uploads\/2024\/10\/uretim-4.jpg 600w\" sizes=\"auto, (max-width: 560px) 100vw, 560px\" \/><\/div><figcaption><\/figcaption><\/figure><\/a><\/div><\/div><\/div><\/div> <\/div><div class=\"grve-background-wrapper\"><\/div><\/div><div class=\"grve-section\" data-section-title=\"\" data-section-type=\"fullwidth-background\" data-image-type=\"none\" data-full-height=\"no\"><div class=\"grve-row grve-bookmark\"><div class=\"wpb_column grve-column grve-bookmark grve-column-1\"><div class=\"grve-element grve-text\"><p style=\"text-align: center;\">AluWork olarak, 47 y\u0131l\u0131 a\u015fk\u0131n al\u00fcminyum imalat\u00a0 uzmanl\u0131\u011f\u0131m\u0131zla, ihtiya\u00e7lar\u0131n\u0131za odakl\u0131 esnek ve kapsaml\u0131 se\u00e7enekleri, benzersiz kalitede sunuyoruz. Geni\u015f \u00fcr\u00fcn yelpazemiz ve projenizin ihtiya\u00e7lar\u0131na uygun se\u00e7enekleri ke\u015ffetmek i\u00e7in bizimle ileti\u015fime ge\u00e7ebilirsiniz.<\/p>\n<\/div><\/div> <\/div><div class=\"grve-background-wrapper\"><\/div><\/div><div class=\"grve-section\" data-section-title=\"\" data-section-type=\"fullwidth-background\" data-image-type=\"none\" data-full-height=\"no\"><div class=\"grve-row grve-bookmark\"><div class=\"wpb_column grve-column grve-bookmark grve-column-1\"><div class=\"grve-element grve-align-center\"><a class=\"grve-btn grve-btn-extralarge grve-square grve-bg-primary-1\" href=\"#\" target=\"_self\" style=\"\"><span>For further information, please reach out to us.<\/span><\/a><\/div><\/div> <\/div><div class=\"grve-background-wrapper\"><\/div><\/div>","protected":false},"excerpt":{"rendered":"Mekanik \u0130\u015flem \u00c7e\u015fitli farkl\u0131 end\u00fcstrilerde kullan\u0131lmak \u00fczere \u00fcretti\u011fimiz al\u00fcminyum profillerin ekstr\u00fczyon s\u00fcreci i\u015fimizin merkezinde yer al\u0131yor. Ekstr\u00fczyon i\u015flemi, al\u00fcminyum k\u00fct\u00fcklerin \u00f6zel haz\u0131rlanm\u0131\u015f kal\u0131plardan ge\u00e7irilmesini i\u00e7erir. Al\u00fcminyum par\u00e7as\u0131n\u0131n bir kal\u0131p i\u00e7inden itildi\u011fi ve al\u00fcminyum \u00e7ubu\u011fun s\u00f6z konusu kesite uyacak \u015fekilde \u015fekillendirildi\u011fi bir i\u015flemdir. Ekstr\u00fczyon S\u00fcreci Ekstr\u00fczyon, al\u00fcminyum biyetin (billet), presin sa\u011flad\u0131\u011f\u0131 b\u00fcy\u00fck kuvvet ile, \u00e7elik kal\u0131plar [...]","protected":false},"author":1,"featured_media":0,"parent":0,"menu_order":0,"comment_status":"closed","ping_status":"closed","template":"","meta":{"footnotes":""},"class_list":["post-6414","page","type-page","status-publish","hentry"],"yoast_head":"<!-- This site is optimized with the Yoast SEO plugin v27.0 - https:\/\/yoast.com\/product\/yoast-seo-wordpress\/ -->\n<title>Mekanik \u0130\u015flem - ALUWORK ALUMINIUM SYSTEM PROFILES A.\u015eAHO\u011eLULARI LTD.<\/title>\n<meta name=\"robots\" content=\"index, follow, max-snippet:-1, max-image-preview:large, max-video-preview:-1\" \/>\n<link rel=\"canonical\" href=\"https:\/\/sahoglularigroup.com\/en\/mekanik-islem\/\" \/>\n<meta property=\"og:locale\" content=\"en_GB\" \/>\n<meta property=\"og:type\" content=\"article\" \/>\n<meta property=\"og:title\" content=\"Mekanik \u0130\u015flem - ALUWORK ALUMINIUM SYSTEM PROFILES A.\u015eAHO\u011eLULARI LTD.\" \/>\n<meta property=\"og:url\" content=\"https:\/\/sahoglularigroup.com\/en\/mekanik-islem\/\" \/>\n<meta property=\"og:site_name\" content=\"ALUWORK ALUMINIUM SYSTEM PROFILES A.\u015eAHO\u011eLULARI LTD.\" \/>\n<meta property=\"article:publisher\" content=\"https:\/\/www.facebook.com\/aluworkcyprus\/\" \/>\n<meta property=\"article:modified_time\" content=\"2024-10-03T13:11:45+00:00\" \/>\n<meta name=\"twitter:card\" content=\"summary_large_image\" \/>\n<meta name=\"twitter:label1\" content=\"Estimated reading time\" \/>\n\t<meta name=\"twitter:data1\" content=\"2 minutes\" \/>\n<script type=\"application\/ld+json\" class=\"yoast-schema-graph\">{\"@context\":\"https:\/\/schema.org\",\"@graph\":[{\"@type\":\"WebPage\",\"@id\":\"https:\/\/sahoglularigroup.com\/mekanik-islem\/\",\"url\":\"https:\/\/sahoglularigroup.com\/mekanik-islem\/\",\"name\":\"Mekanik \u0130\u015flem - ALUWORK ALUMINIUM SYSTEM PROFILES A.\u015eAHO\u011eLULARI LTD.\",\"isPartOf\":{\"@id\":\"https:\/\/sahoglularigroup.com\/#website\"},\"datePublished\":\"2024-10-03T13:11:31+00:00\",\"dateModified\":\"2024-10-03T13:11:45+00:00\",\"breadcrumb\":{\"@id\":\"https:\/\/sahoglularigroup.com\/mekanik-islem\/#breadcrumb\"},\"inLanguage\":\"en-GB\",\"potentialAction\":[{\"@type\":\"ReadAction\",\"target\":[\"https:\/\/sahoglularigroup.com\/mekanik-islem\/\"]}]},{\"@type\":\"BreadcrumbList\",\"@id\":\"https:\/\/sahoglularigroup.com\/mekanik-islem\/#breadcrumb\",\"itemListElement\":[{\"@type\":\"ListItem\",\"position\":1,\"name\":\"Anasayfa\",\"item\":\"https:\/\/sahoglularigroup.com\/\"},{\"@type\":\"ListItem\",\"position\":2,\"name\":\"Mekanik \u0130\u015flem\"}]},{\"@type\":\"WebSite\",\"@id\":\"https:\/\/sahoglularigroup.com\/#website\",\"url\":\"https:\/\/sahoglularigroup.com\/\",\"name\":\"ALUWORK ALUMINIUM SYSTEM PROFILES A.\u015eAHO\u011eLULARI LTD.\",\"description\":\"Yar\u0131m As\u0131rl\u0131k Tecr\u00fcbe\u2026\",\"publisher\":{\"@id\":\"https:\/\/sahoglularigroup.com\/#organization\"},\"alternateName\":\"Al\u00fcminyum Kap\u0131 ve Pencere Sistemleri Al\u00fcminyum Giydirme Cephe Sistemleri\",\"potentialAction\":[{\"@type\":\"SearchAction\",\"target\":{\"@type\":\"EntryPoint\",\"urlTemplate\":\"https:\/\/sahoglularigroup.com\/?s={search_term_string}\"},\"query-input\":{\"@type\":\"PropertyValueSpecification\",\"valueRequired\":true,\"valueName\":\"search_term_string\"}}],\"inLanguage\":\"en-GB\"},{\"@type\":\"Organization\",\"@id\":\"https:\/\/sahoglularigroup.com\/#organization\",\"name\":\"ALUWORK ALUMINIUM SYSTEM PROFILES A.\u015eAHO\u011eLULARI LTD.\",\"alternateName\":\"Al\u00fcminyum Kap\u0131 ve Pencere Sistemleri Al\u00fcminyum Giydirme Cephe Sistemleri\",\"url\":\"https:\/\/sahoglularigroup.com\/\",\"logo\":{\"@type\":\"ImageObject\",\"inLanguage\":\"en-GB\",\"@id\":\"https:\/\/sahoglularigroup.com\/#\/schema\/logo\/image\/\",\"url\":\"https:\/\/sahoglularigroup.com\/wp-content\/uploads\/2025\/04\/Sahoglulari-icon.png\",\"contentUrl\":\"https:\/\/sahoglularigroup.com\/wp-content\/uploads\/2025\/04\/Sahoglulari-icon.png\",\"width\":130,\"height\":130,\"caption\":\"ALUWORK ALUMINIUM SYSTEM PROFILES A.\u015eAHO\u011eLULARI LTD.\"},\"image\":{\"@id\":\"https:\/\/sahoglularigroup.com\/#\/schema\/logo\/image\/\"},\"sameAs\":[\"https:\/\/www.facebook.com\/aluworkcyprus\/\",\"https:\/\/www.instagram.com\/aluworkcyprus\/\"]}]}<\/script>\n<!-- \/ Yoast SEO plugin. -->","yoast_head_json":{"title":"Mekanik \u0130\u015flem - ALUWORK ALUMINIUM SYSTEM PROFILES A.\u015eAHO\u011eLULARI LTD.","robots":{"index":"index","follow":"follow","max-snippet":"max-snippet:-1","max-image-preview":"max-image-preview:large","max-video-preview":"max-video-preview:-1"},"canonical":"https:\/\/sahoglularigroup.com\/en\/mekanik-islem\/","og_locale":"en_GB","og_type":"article","og_title":"Mekanik \u0130\u015flem - ALUWORK ALUMINIUM SYSTEM PROFILES A.\u015eAHO\u011eLULARI LTD.","og_url":"https:\/\/sahoglularigroup.com\/en\/mekanik-islem\/","og_site_name":"ALUWORK ALUMINIUM SYSTEM PROFILES A.\u015eAHO\u011eLULARI LTD.","article_publisher":"https:\/\/www.facebook.com\/aluworkcyprus\/","article_modified_time":"2024-10-03T13:11:45+00:00","twitter_card":"summary_large_image","twitter_misc":{"Estimated reading time":"2 minutes"},"schema":{"@context":"https:\/\/schema.org","@graph":[{"@type":"WebPage","@id":"https:\/\/sahoglularigroup.com\/mekanik-islem\/","url":"https:\/\/sahoglularigroup.com\/mekanik-islem\/","name":"Mekanik \u0130\u015flem - ALUWORK ALUMINIUM SYSTEM PROFILES A.\u015eAHO\u011eLULARI LTD.","isPartOf":{"@id":"https:\/\/sahoglularigroup.com\/#website"},"datePublished":"2024-10-03T13:11:31+00:00","dateModified":"2024-10-03T13:11:45+00:00","breadcrumb":{"@id":"https:\/\/sahoglularigroup.com\/mekanik-islem\/#breadcrumb"},"inLanguage":"en-GB","potentialAction":[{"@type":"ReadAction","target":["https:\/\/sahoglularigroup.com\/mekanik-islem\/"]}]},{"@type":"BreadcrumbList","@id":"https:\/\/sahoglularigroup.com\/mekanik-islem\/#breadcrumb","itemListElement":[{"@type":"ListItem","position":1,"name":"Anasayfa","item":"https:\/\/sahoglularigroup.com\/"},{"@type":"ListItem","position":2,"name":"Mekanik \u0130\u015flem"}]},{"@type":"WebSite","@id":"https:\/\/sahoglularigroup.com\/#website","url":"https:\/\/sahoglularigroup.com\/","name":"ALUWORK ALUMINIUM SYSTEM PROFILES A.\u015eAHO\u011eLULARI LTD.","description":"Half a Century of Experience...","publisher":{"@id":"https:\/\/sahoglularigroup.com\/#organization"},"alternateName":"Al\u00fcminyum Kap\u0131 ve Pencere Sistemleri Al\u00fcminyum Giydirme Cephe Sistemleri","potentialAction":[{"@type":"SearchAction","target":{"@type":"EntryPoint","urlTemplate":"https:\/\/sahoglularigroup.com\/?s={search_term_string}"},"query-input":{"@type":"PropertyValueSpecification","valueRequired":true,"valueName":"search_term_string"}}],"inLanguage":"en-GB"},{"@type":"Organization","@id":"https:\/\/sahoglularigroup.com\/#organization","name":"ALUWORK ALUMINIUM SYSTEM PROFILES A.\u015eAHO\u011eLULARI LTD.","alternateName":"Al\u00fcminyum Kap\u0131 ve Pencere Sistemleri Al\u00fcminyum Giydirme Cephe Sistemleri","url":"https:\/\/sahoglularigroup.com\/","logo":{"@type":"ImageObject","inLanguage":"en-GB","@id":"https:\/\/sahoglularigroup.com\/#\/schema\/logo\/image\/","url":"https:\/\/sahoglularigroup.com\/wp-content\/uploads\/2025\/04\/Sahoglulari-icon.png","contentUrl":"https:\/\/sahoglularigroup.com\/wp-content\/uploads\/2025\/04\/Sahoglulari-icon.png","width":130,"height":130,"caption":"ALUWORK ALUMINIUM SYSTEM PROFILES A.\u015eAHO\u011eLULARI LTD."},"image":{"@id":"https:\/\/sahoglularigroup.com\/#\/schema\/logo\/image\/"},"sameAs":["https:\/\/www.facebook.com\/aluworkcyprus\/","https:\/\/www.instagram.com\/aluworkcyprus\/"]}]}},"_links":{"self":[{"href":"https:\/\/sahoglularigroup.com\/en\/wp-json\/wp\/v2\/pages\/6414","targetHints":{"allow":["GET"]}}],"collection":[{"href":"https:\/\/sahoglularigroup.com\/en\/wp-json\/wp\/v2\/pages"}],"about":[{"href":"https:\/\/sahoglularigroup.com\/en\/wp-json\/wp\/v2\/types\/page"}],"author":[{"embeddable":true,"href":"https:\/\/sahoglularigroup.com\/en\/wp-json\/wp\/v2\/users\/1"}],"replies":[{"embeddable":true,"href":"https:\/\/sahoglularigroup.com\/en\/wp-json\/wp\/v2\/comments?post=6414"}],"version-history":[{"count":0,"href":"https:\/\/sahoglularigroup.com\/en\/wp-json\/wp\/v2\/pages\/6414\/revisions"}],"wp:attachment":[{"href":"https:\/\/sahoglularigroup.com\/en\/wp-json\/wp\/v2\/media?parent=6414"}],"curies":[{"name":"wp","href":"https:\/\/api.w.org\/{rel}","templated":true}]}}