{"id":6418,"date":"2024-10-03T16:13:49","date_gmt":"2024-10-03T13:13:49","guid":{"rendered":"http:\/\/sahoglularigroup.com\/?page_id=6418"},"modified":"2024-10-03T16:15:18","modified_gmt":"2024-10-03T13:15:18","slug":"ahsap-desen-unitesi","status":"publish","type":"page","link":"https:\/\/sahoglularigroup.com\/en\/ahsap-desen-unitesi\/","title":{"rendered":"Wood Graining Unit"},"content":{"rendered":"<div class=\"grve-section\" data-section-title=\"\" data-section-type=\"fullwidth-background\" data-image-type=\"none\" data-full-height=\"no\"><div class=\"grve-row grve-bookmark\"><div class=\"wpb_column grve-column grve-bookmark grve-column-1\"><div class=\"grve-element grve-slogan grve-align-center\" style=\"\"><h1 class=\"grve-slogan-title grve-align-center grve-title-line\"><span>Wood Graining Unit<\/span><\/h1>  <p class=\"\"><\/p><\/div><\/div> <\/div><div class=\"grve-background-wrapper\"><\/div><\/div><div class=\"grve-section\" data-section-title=\"\" data-section-type=\"fullwidth-background\" data-image-type=\"none\" data-full-height=\"no\"><div class=\"grve-row grve-bookmark\"><div class=\"wpb_column grve-column grve-bookmark grve-column-1\"><div class=\"grve-element grve-text\"><p style=\"text-align: center;\">Al\u00fcminyum ah\u015fap desen kaplama sistemi, geleneksel ah\u015fab\u0131n dezavantajlar\u0131n\u0131 \u00e7\u00f6zen bir uygulamad\u0131r. Do\u011fal ah\u015fap g\u00f6r\u00fcn\u00fcm\u00fcyle size dayan\u0131kl\u0131, yanmayan, \u00e7\u00fcr\u00fcmeyen, uzun \u00f6m\u00fcrl\u00fc ve az bak\u0131m gerektiren e\u015fsiz bir se\u00e7enek sa\u011flar. Titiz ve yarat\u0131c\u0131 bir \u00fcretim y\u00f6ntemiyle \u00fcretti\u011fimiz, ger\u00e7ek ah\u015faba benzeyen al\u00fcminyum \u00fcr\u00fcnlerimiz, yap\u0131n\u0131za do\u011fal ve uyumlu bir g\u00f6r\u00fcn\u00fcm kazand\u0131r\u0131r.<\/p>\n<p style=\"text-align: center;\"><strong>Ah\u015fap Desen Kaplama S\u00fcreci<\/strong><br \/>\nAh\u015fap desen kaplama \u00fcnitesinde al\u00fcminyum profiller ah\u015fap g\u00f6r\u00fcn\u00fcm kazan\u0131r. \u0130stenildi\u011finde \u0131s\u0131 yal\u0131t\u0131ml\u0131 profillerin sadece d\u0131\u015f ya da sadece i\u00e7 k\u0131s\u0131mlar\u0131 ah\u015fap desenle kaplanabilir. &#8220;Eloksal &#8211; Ah\u015fap&#8221; yada &#8220;Toz Boya &#8211; Ah\u015fap&#8221; gibi karma profiller yarat\u0131labilir. Ah\u015fap desenleri farkl\u0131 tonlarda elde etmek i\u00e7in \u00f6nce ham al\u00fcminyum profillere elektrostatik toz boyama i\u015flemi uygulan\u0131r.<\/p>\n<\/div><\/div> <\/div><div class=\"grve-background-wrapper\"><\/div><\/div><div class=\"grve-section\" data-section-title=\"\" data-section-type=\"fullwidth-element\" data-image-type=\"none\" data-full-height=\"no\"><div class=\"grve-row grve-bookmark\"><div class=\"wpb_column grve-column grve-bookmark grve-column-1\"><div class=\"grve-element grve-gallery grve-isotope grve-gallery-popup\" style=\"\" data-gutter=\"no\" data-type=\"3-columns\" data-layout=\"fitRows\"><div class=\"grve-isotope-container\"><div class=\"grve-isotope-item\"><a href=\"https:\/\/sahoglularigroup.com\/wp-content\/uploads\/2024\/10\/uretim-1.jpg\"><figure class=\"grve-image-hover grve-zoom-in\"><div class=\"grve-media grve-dark-overlay grve-opacity-60\"><img loading=\"lazy\" decoding=\"async\" width=\"560\" height=\"560\" src=\"https:\/\/sahoglularigroup.com\/wp-content\/uploads\/2024\/10\/uretim-1-560x560.jpg\" class=\"attachment-grve-image-small-square size-grve-image-small-square\" alt=\"\" srcset=\"https:\/\/sahoglularigroup.com\/wp-content\/uploads\/2024\/10\/uretim-1-560x560.jpg 560w, https:\/\/sahoglularigroup.com\/wp-content\/uploads\/2024\/10\/uretim-1-300x300.jpg 300w, https:\/\/sahoglularigroup.com\/wp-content\/uploads\/2024\/10\/uretim-1-150x150.jpg 150w, https:\/\/sahoglularigroup.com\/wp-content\/uploads\/2024\/10\/uretim-1-12x12.jpg 12w, https:\/\/sahoglularigroup.com\/wp-content\/uploads\/2024\/10\/uretim-1-80x80.jpg 80w, https:\/\/sahoglularigroup.com\/wp-content\/uploads\/2024\/10\/uretim-1.jpg 600w\" sizes=\"auto, (max-width: 560px) 100vw, 560px\" \/><\/div><figcaption><\/figcaption><\/figure><\/a><\/div><div class=\"grve-isotope-item\"><a href=\"https:\/\/sahoglularigroup.com\/wp-content\/uploads\/2024\/10\/uretim-2.jpg\"><figure class=\"grve-image-hover grve-zoom-in\"><div class=\"grve-media grve-dark-overlay grve-opacity-60\"><img loading=\"lazy\" decoding=\"async\" width=\"560\" height=\"560\" src=\"https:\/\/sahoglularigroup.com\/wp-content\/uploads\/2024\/10\/uretim-2-560x560.jpg\" class=\"attachment-grve-image-small-square size-grve-image-small-square\" alt=\"\" srcset=\"https:\/\/sahoglularigroup.com\/wp-content\/uploads\/2024\/10\/uretim-2-560x560.jpg 560w, https:\/\/sahoglularigroup.com\/wp-content\/uploads\/2024\/10\/uretim-2-300x300.jpg 300w, https:\/\/sahoglularigroup.com\/wp-content\/uploads\/2024\/10\/uretim-2-150x150.jpg 150w, https:\/\/sahoglularigroup.com\/wp-content\/uploads\/2024\/10\/uretim-2-12x12.jpg 12w, https:\/\/sahoglularigroup.com\/wp-content\/uploads\/2024\/10\/uretim-2-80x80.jpg 80w, https:\/\/sahoglularigroup.com\/wp-content\/uploads\/2024\/10\/uretim-2.jpg 600w\" sizes=\"auto, (max-width: 560px) 100vw, 560px\" \/><\/div><figcaption><\/figcaption><\/figure><\/a><\/div><div class=\"grve-isotope-item\"><a href=\"https:\/\/sahoglularigroup.com\/wp-content\/uploads\/2024\/10\/uretim-3.jpg\"><figure class=\"grve-image-hover grve-zoom-in\"><div class=\"grve-media grve-dark-overlay grve-opacity-60\"><img loading=\"lazy\" decoding=\"async\" width=\"560\" height=\"560\" src=\"https:\/\/sahoglularigroup.com\/wp-content\/uploads\/2024\/10\/uretim-3-560x560.jpg\" class=\"attachment-grve-image-small-square size-grve-image-small-square\" alt=\"\" srcset=\"https:\/\/sahoglularigroup.com\/wp-content\/uploads\/2024\/10\/uretim-3-560x560.jpg 560w, https:\/\/sahoglularigroup.com\/wp-content\/uploads\/2024\/10\/uretim-3-300x300.jpg 300w, https:\/\/sahoglularigroup.com\/wp-content\/uploads\/2024\/10\/uretim-3-150x150.jpg 150w, https:\/\/sahoglularigroup.com\/wp-content\/uploads\/2024\/10\/uretim-3-12x12.jpg 12w, https:\/\/sahoglularigroup.com\/wp-content\/uploads\/2024\/10\/uretim-3-80x80.jpg 80w, https:\/\/sahoglularigroup.com\/wp-content\/uploads\/2024\/10\/uretim-3.jpg 600w\" sizes=\"auto, (max-width: 560px) 100vw, 560px\" \/><\/div><figcaption><\/figcaption><\/figure><\/a><\/div><div class=\"grve-isotope-item\"><a href=\"https:\/\/sahoglularigroup.com\/wp-content\/uploads\/2024\/10\/uretim-5.jpg\"><figure class=\"grve-image-hover grve-zoom-in\"><div class=\"grve-media grve-dark-overlay grve-opacity-60\"><img loading=\"lazy\" decoding=\"async\" width=\"560\" height=\"560\" src=\"https:\/\/sahoglularigroup.com\/wp-content\/uploads\/2024\/10\/uretim-5-560x560.jpg\" class=\"attachment-grve-image-small-square size-grve-image-small-square\" alt=\"\" srcset=\"https:\/\/sahoglularigroup.com\/wp-content\/uploads\/2024\/10\/uretim-5-560x560.jpg 560w, https:\/\/sahoglularigroup.com\/wp-content\/uploads\/2024\/10\/uretim-5-300x300.jpg 300w, https:\/\/sahoglularigroup.com\/wp-content\/uploads\/2024\/10\/uretim-5-150x150.jpg 150w, https:\/\/sahoglularigroup.com\/wp-content\/uploads\/2024\/10\/uretim-5-12x12.jpg 12w, https:\/\/sahoglularigroup.com\/wp-content\/uploads\/2024\/10\/uretim-5-80x80.jpg 80w, https:\/\/sahoglularigroup.com\/wp-content\/uploads\/2024\/10\/uretim-5.jpg 600w\" sizes=\"auto, (max-width: 560px) 100vw, 560px\" \/><\/div><figcaption><\/figcaption><\/figure><\/a><\/div><div class=\"grve-isotope-item\"><a href=\"https:\/\/sahoglularigroup.com\/wp-content\/uploads\/2024\/10\/uretim-6.jpg\"><figure class=\"grve-image-hover grve-zoom-in\"><div class=\"grve-media grve-dark-overlay grve-opacity-60\"><img loading=\"lazy\" decoding=\"async\" width=\"560\" height=\"560\" src=\"https:\/\/sahoglularigroup.com\/wp-content\/uploads\/2024\/10\/uretim-6-560x560.jpg\" class=\"attachment-grve-image-small-square size-grve-image-small-square\" alt=\"\" srcset=\"https:\/\/sahoglularigroup.com\/wp-content\/uploads\/2024\/10\/uretim-6-560x560.jpg 560w, https:\/\/sahoglularigroup.com\/wp-content\/uploads\/2024\/10\/uretim-6-300x300.jpg 300w, https:\/\/sahoglularigroup.com\/wp-content\/uploads\/2024\/10\/uretim-6-150x150.jpg 150w, https:\/\/sahoglularigroup.com\/wp-content\/uploads\/2024\/10\/uretim-6-12x12.jpg 12w, https:\/\/sahoglularigroup.com\/wp-content\/uploads\/2024\/10\/uretim-6-80x80.jpg 80w, https:\/\/sahoglularigroup.com\/wp-content\/uploads\/2024\/10\/uretim-6.jpg 600w\" sizes=\"auto, (max-width: 560px) 100vw, 560px\" \/><\/div><figcaption><\/figcaption><\/figure><\/a><\/div><div class=\"grve-isotope-item\"><a href=\"https:\/\/sahoglularigroup.com\/wp-content\/uploads\/2024\/10\/uretim-4.jpg\"><figure class=\"grve-image-hover grve-zoom-in\"><div class=\"grve-media grve-dark-overlay grve-opacity-60\"><img loading=\"lazy\" decoding=\"async\" width=\"560\" height=\"560\" src=\"https:\/\/sahoglularigroup.com\/wp-content\/uploads\/2024\/10\/uretim-4-560x560.jpg\" class=\"attachment-grve-image-small-square size-grve-image-small-square\" alt=\"\" srcset=\"https:\/\/sahoglularigroup.com\/wp-content\/uploads\/2024\/10\/uretim-4-560x560.jpg 560w, https:\/\/sahoglularigroup.com\/wp-content\/uploads\/2024\/10\/uretim-4-300x300.jpg 300w, https:\/\/sahoglularigroup.com\/wp-content\/uploads\/2024\/10\/uretim-4-150x150.jpg 150w, https:\/\/sahoglularigroup.com\/wp-content\/uploads\/2024\/10\/uretim-4-12x12.jpg 12w, https:\/\/sahoglularigroup.com\/wp-content\/uploads\/2024\/10\/uretim-4-80x80.jpg 80w, https:\/\/sahoglularigroup.com\/wp-content\/uploads\/2024\/10\/uretim-4.jpg 600w\" sizes=\"auto, (max-width: 560px) 100vw, 560px\" \/><\/div><figcaption><\/figcaption><\/figure><\/a><\/div><\/div><\/div><\/div> <\/div><div class=\"grve-background-wrapper\"><\/div><\/div><div class=\"grve-section\" data-section-title=\"\" data-section-type=\"fullwidth-background\" data-image-type=\"none\" data-full-height=\"no\"><div class=\"grve-row grve-bookmark\"><div class=\"wpb_column grve-column grve-bookmark grve-column-1\"><div class=\"grve-element grve-text\"><p style=\"text-align: center;\">AluWork olarak, 47 y\u0131l\u0131 a\u015fk\u0131n al\u00fcminyum imalat\u00a0 uzmanl\u0131\u011f\u0131m\u0131zla, ihtiya\u00e7lar\u0131n\u0131za odakl\u0131 esnek ve kapsaml\u0131 se\u00e7enekleri, benzersiz kalitede sunuyoruz. Geni\u015f \u00fcr\u00fcn yelpazemiz ve projenizin ihtiya\u00e7lar\u0131na uygun se\u00e7enekleri ke\u015ffetmek i\u00e7in bizimle ileti\u015fime ge\u00e7ebilirsiniz.<\/p>\n<\/div><\/div> <\/div><div class=\"grve-background-wrapper\"><\/div><\/div><div class=\"grve-section\" data-section-title=\"\" data-section-type=\"fullwidth-background\" data-image-type=\"none\" data-full-height=\"no\"><div class=\"grve-row grve-bookmark\"><div class=\"wpb_column grve-column grve-bookmark grve-column-1\"><div class=\"grve-element grve-align-center\"><a class=\"grve-btn grve-btn-extralarge grve-square grve-bg-primary-1\" href=\"#\" target=\"_self\" style=\"\"><span>For further information, please reach out to us.<\/span><\/a><\/div><\/div> <\/div><div class=\"grve-background-wrapper\"><\/div><\/div>","protected":false},"excerpt":{"rendered":"Ah\u015fap Desen \u00dcnitesi Al\u00fcminyum ah\u015fap desen kaplama sistemi, geleneksel ah\u015fab\u0131n dezavantajlar\u0131n\u0131 \u00e7\u00f6zen bir uygulamad\u0131r. Do\u011fal ah\u015fap g\u00f6r\u00fcn\u00fcm\u00fcyle size dayan\u0131kl\u0131, yanmayan, \u00e7\u00fcr\u00fcmeyen, uzun \u00f6m\u00fcrl\u00fc ve az bak\u0131m gerektiren e\u015fsiz bir se\u00e7enek sa\u011flar. Titiz ve yarat\u0131c\u0131 bir \u00fcretim y\u00f6ntemiyle \u00fcretti\u011fimiz, ger\u00e7ek ah\u015faba benzeyen al\u00fcminyum \u00fcr\u00fcnlerimiz, yap\u0131n\u0131za do\u011fal ve uyumlu bir g\u00f6r\u00fcn\u00fcm kazand\u0131r\u0131r. Ah\u015fap Desen Kaplama S\u00fcreci Ah\u015fap [...]","protected":false},"author":1,"featured_media":0,"parent":0,"menu_order":0,"comment_status":"closed","ping_status":"closed","template":"","meta":{"footnotes":""},"class_list":["post-6418","page","type-page","status-publish","hentry"],"yoast_head":"<!-- This site is optimized with the Yoast SEO plugin v27.0 - https:\/\/yoast.com\/product\/yoast-seo-wordpress\/ -->\n<title>Ah\u015fap Desen \u00dcnitesi - ALUWORK ALUMINIUM SYSTEM PROFILES A.\u015eAHO\u011eLULARI LTD.<\/title>\n<meta name=\"robots\" content=\"index, follow, max-snippet:-1, max-image-preview:large, max-video-preview:-1\" \/>\n<link rel=\"canonical\" href=\"https:\/\/sahoglularigroup.com\/en\/ahsap-desen-unitesi\/\" \/>\n<meta property=\"og:locale\" content=\"en_GB\" \/>\n<meta property=\"og:type\" content=\"article\" \/>\n<meta property=\"og:title\" content=\"Ah\u015fap Desen \u00dcnitesi - ALUWORK ALUMINIUM SYSTEM PROFILES A.\u015eAHO\u011eLULARI LTD.\" \/>\n<meta property=\"og:url\" content=\"https:\/\/sahoglularigroup.com\/en\/ahsap-desen-unitesi\/\" \/>\n<meta property=\"og:site_name\" content=\"ALUWORK ALUMINIUM SYSTEM PROFILES A.\u015eAHO\u011eLULARI LTD.\" \/>\n<meta property=\"article:publisher\" content=\"https:\/\/www.facebook.com\/aluworkcyprus\/\" \/>\n<meta property=\"article:modified_time\" content=\"2024-10-03T13:15:18+00:00\" \/>\n<meta name=\"twitter:card\" content=\"summary_large_image\" \/>\n<meta name=\"twitter:label1\" content=\"Estimated reading time\" \/>\n\t<meta name=\"twitter:data1\" content=\"2 minutes\" \/>\n<script type=\"application\/ld+json\" class=\"yoast-schema-graph\">{\"@context\":\"https:\/\/schema.org\",\"@graph\":[{\"@type\":\"WebPage\",\"@id\":\"https:\/\/sahoglularigroup.com\/ahsap-desen-unitesi\/\",\"url\":\"https:\/\/sahoglularigroup.com\/ahsap-desen-unitesi\/\",\"name\":\"Ah\u015fap Desen \u00dcnitesi - ALUWORK ALUMINIUM SYSTEM PROFILES A.\u015eAHO\u011eLULARI LTD.\",\"isPartOf\":{\"@id\":\"https:\/\/sahoglularigroup.com\/#website\"},\"datePublished\":\"2024-10-03T13:13:49+00:00\",\"dateModified\":\"2024-10-03T13:15:18+00:00\",\"breadcrumb\":{\"@id\":\"https:\/\/sahoglularigroup.com\/ahsap-desen-unitesi\/#breadcrumb\"},\"inLanguage\":\"en-GB\",\"potentialAction\":[{\"@type\":\"ReadAction\",\"target\":[\"https:\/\/sahoglularigroup.com\/ahsap-desen-unitesi\/\"]}]},{\"@type\":\"BreadcrumbList\",\"@id\":\"https:\/\/sahoglularigroup.com\/ahsap-desen-unitesi\/#breadcrumb\",\"itemListElement\":[{\"@type\":\"ListItem\",\"position\":1,\"name\":\"Anasayfa\",\"item\":\"https:\/\/sahoglularigroup.com\/\"},{\"@type\":\"ListItem\",\"position\":2,\"name\":\"Ah\u015fap Desen \u00dcnitesi\"}]},{\"@type\":\"WebSite\",\"@id\":\"https:\/\/sahoglularigroup.com\/#website\",\"url\":\"https:\/\/sahoglularigroup.com\/\",\"name\":\"ALUWORK ALUMINIUM SYSTEM PROFILES A.\u015eAHO\u011eLULARI LTD.\",\"description\":\"Yar\u0131m As\u0131rl\u0131k Tecr\u00fcbe\u2026\",\"publisher\":{\"@id\":\"https:\/\/sahoglularigroup.com\/#organization\"},\"alternateName\":\"Al\u00fcminyum Kap\u0131 ve Pencere Sistemleri Al\u00fcminyum Giydirme Cephe Sistemleri\",\"potentialAction\":[{\"@type\":\"SearchAction\",\"target\":{\"@type\":\"EntryPoint\",\"urlTemplate\":\"https:\/\/sahoglularigroup.com\/?s={search_term_string}\"},\"query-input\":{\"@type\":\"PropertyValueSpecification\",\"valueRequired\":true,\"valueName\":\"search_term_string\"}}],\"inLanguage\":\"en-GB\"},{\"@type\":\"Organization\",\"@id\":\"https:\/\/sahoglularigroup.com\/#organization\",\"name\":\"ALUWORK ALUMINIUM SYSTEM PROFILES A.\u015eAHO\u011eLULARI LTD.\",\"alternateName\":\"Al\u00fcminyum Kap\u0131 ve Pencere Sistemleri Al\u00fcminyum Giydirme Cephe Sistemleri\",\"url\":\"https:\/\/sahoglularigroup.com\/\",\"logo\":{\"@type\":\"ImageObject\",\"inLanguage\":\"en-GB\",\"@id\":\"https:\/\/sahoglularigroup.com\/#\/schema\/logo\/image\/\",\"url\":\"https:\/\/sahoglularigroup.com\/wp-content\/uploads\/2025\/04\/Sahoglulari-icon.png\",\"contentUrl\":\"https:\/\/sahoglularigroup.com\/wp-content\/uploads\/2025\/04\/Sahoglulari-icon.png\",\"width\":130,\"height\":130,\"caption\":\"ALUWORK ALUMINIUM SYSTEM PROFILES A.\u015eAHO\u011eLULARI LTD.\"},\"image\":{\"@id\":\"https:\/\/sahoglularigroup.com\/#\/schema\/logo\/image\/\"},\"sameAs\":[\"https:\/\/www.facebook.com\/aluworkcyprus\/\",\"https:\/\/www.instagram.com\/aluworkcyprus\/\"]}]}<\/script>\n<!-- \/ Yoast SEO plugin. -->","yoast_head_json":{"title":"Ah\u015fap Desen \u00dcnitesi - ALUWORK ALUMINIUM SYSTEM PROFILES A.\u015eAHO\u011eLULARI LTD.","robots":{"index":"index","follow":"follow","max-snippet":"max-snippet:-1","max-image-preview":"max-image-preview:large","max-video-preview":"max-video-preview:-1"},"canonical":"https:\/\/sahoglularigroup.com\/en\/ahsap-desen-unitesi\/","og_locale":"en_GB","og_type":"article","og_title":"Ah\u015fap Desen \u00dcnitesi - ALUWORK ALUMINIUM SYSTEM PROFILES A.\u015eAHO\u011eLULARI LTD.","og_url":"https:\/\/sahoglularigroup.com\/en\/ahsap-desen-unitesi\/","og_site_name":"ALUWORK ALUMINIUM SYSTEM PROFILES A.\u015eAHO\u011eLULARI LTD.","article_publisher":"https:\/\/www.facebook.com\/aluworkcyprus\/","article_modified_time":"2024-10-03T13:15:18+00:00","twitter_card":"summary_large_image","twitter_misc":{"Estimated reading time":"2 minutes"},"schema":{"@context":"https:\/\/schema.org","@graph":[{"@type":"WebPage","@id":"https:\/\/sahoglularigroup.com\/ahsap-desen-unitesi\/","url":"https:\/\/sahoglularigroup.com\/ahsap-desen-unitesi\/","name":"Ah\u015fap Desen \u00dcnitesi - ALUWORK ALUMINIUM SYSTEM PROFILES A.\u015eAHO\u011eLULARI LTD.","isPartOf":{"@id":"https:\/\/sahoglularigroup.com\/#website"},"datePublished":"2024-10-03T13:13:49+00:00","dateModified":"2024-10-03T13:15:18+00:00","breadcrumb":{"@id":"https:\/\/sahoglularigroup.com\/ahsap-desen-unitesi\/#breadcrumb"},"inLanguage":"en-GB","potentialAction":[{"@type":"ReadAction","target":["https:\/\/sahoglularigroup.com\/ahsap-desen-unitesi\/"]}]},{"@type":"BreadcrumbList","@id":"https:\/\/sahoglularigroup.com\/ahsap-desen-unitesi\/#breadcrumb","itemListElement":[{"@type":"ListItem","position":1,"name":"Anasayfa","item":"https:\/\/sahoglularigroup.com\/"},{"@type":"ListItem","position":2,"name":"Ah\u015fap Desen \u00dcnitesi"}]},{"@type":"WebSite","@id":"https:\/\/sahoglularigroup.com\/#website","url":"https:\/\/sahoglularigroup.com\/","name":"ALUWORK ALUMINIUM SYSTEM PROFILES A.\u015eAHO\u011eLULARI LTD.","description":"Half a Century of Experience...","publisher":{"@id":"https:\/\/sahoglularigroup.com\/#organization"},"alternateName":"Al\u00fcminyum Kap\u0131 ve Pencere Sistemleri Al\u00fcminyum Giydirme Cephe Sistemleri","potentialAction":[{"@type":"SearchAction","target":{"@type":"EntryPoint","urlTemplate":"https:\/\/sahoglularigroup.com\/?s={search_term_string}"},"query-input":{"@type":"PropertyValueSpecification","valueRequired":true,"valueName":"search_term_string"}}],"inLanguage":"en-GB"},{"@type":"Organization","@id":"https:\/\/sahoglularigroup.com\/#organization","name":"ALUWORK ALUMINIUM SYSTEM PROFILES A.\u015eAHO\u011eLULARI LTD.","alternateName":"Al\u00fcminyum Kap\u0131 ve Pencere Sistemleri Al\u00fcminyum Giydirme Cephe Sistemleri","url":"https:\/\/sahoglularigroup.com\/","logo":{"@type":"ImageObject","inLanguage":"en-GB","@id":"https:\/\/sahoglularigroup.com\/#\/schema\/logo\/image\/","url":"https:\/\/sahoglularigroup.com\/wp-content\/uploads\/2025\/04\/Sahoglulari-icon.png","contentUrl":"https:\/\/sahoglularigroup.com\/wp-content\/uploads\/2025\/04\/Sahoglulari-icon.png","width":130,"height":130,"caption":"ALUWORK ALUMINIUM SYSTEM PROFILES A.\u015eAHO\u011eLULARI LTD."},"image":{"@id":"https:\/\/sahoglularigroup.com\/#\/schema\/logo\/image\/"},"sameAs":["https:\/\/www.facebook.com\/aluworkcyprus\/","https:\/\/www.instagram.com\/aluworkcyprus\/"]}]}},"_links":{"self":[{"href":"https:\/\/sahoglularigroup.com\/en\/wp-json\/wp\/v2\/pages\/6418","targetHints":{"allow":["GET"]}}],"collection":[{"href":"https:\/\/sahoglularigroup.com\/en\/wp-json\/wp\/v2\/pages"}],"about":[{"href":"https:\/\/sahoglularigroup.com\/en\/wp-json\/wp\/v2\/types\/page"}],"author":[{"embeddable":true,"href":"https:\/\/sahoglularigroup.com\/en\/wp-json\/wp\/v2\/users\/1"}],"replies":[{"embeddable":true,"href":"https:\/\/sahoglularigroup.com\/en\/wp-json\/wp\/v2\/comments?post=6418"}],"version-history":[{"count":0,"href":"https:\/\/sahoglularigroup.com\/en\/wp-json\/wp\/v2\/pages\/6418\/revisions"}],"wp:attachment":[{"href":"https:\/\/sahoglularigroup.com\/en\/wp-json\/wp\/v2\/media?parent=6418"}],"curies":[{"name":"wp","href":"https:\/\/api.w.org\/{rel}","templated":true}]}}