{"id":6631,"date":"2024-10-07T16:53:55","date_gmt":"2024-10-07T13:53:55","guid":{"rendered":"http:\/\/sahoglularigroup.com\/?page_id=6631"},"modified":"2024-12-06T14:43:58","modified_gmt":"2024-12-06T11:43:58","slug":"uretim-tesisimiz","status":"publish","type":"page","link":"https:\/\/sahoglularigroup.com\/en\/uretim-tesisimiz\/","title":{"rendered":"Our Production Facilities"},"content":{"rendered":"<div class=\"grve-section\" data-section-title=\"\" data-section-type=\"fullwidth-background\" data-image-type=\"none\" data-full-height=\"no\"  style=\"padding-bottom: 60px;margin-bottom: -20px;\"><div class=\"grve-row grve-bookmark\"><div class=\"wpb_column grve-column grve-bookmark grve-column-1\"><div class=\"grve-element grve-slogan grve-align-center\" style=\"\"><h1 class=\"grve-slogan-title grve-align-center grve-title-line\"><span>\u00dcretim Tesisimiz<\/span><\/h1>  <p class=\"\"><\/p><\/div><div class=\"grve-element grve-text\"><p style=\"text-align: center;\">Y\u0131ll\u0131k 8.400 ton kapasiteli 2 Ekstr\u00fczyon Hatt\u0131<br \/>\nTermik F\u0131r\u0131n<br \/>\nAl\u00fcminyum Profil y\u0131kama ve temizleme havuzlar\u0131<br \/>\nYatay Boya Hatt\u0131<br \/>\nVakum Ah\u015fap Tah\u0131l Is\u0131 Transfer Makinesi<br \/>\nAl\u00fcminyum Profil Polisaj<br \/>\nAl\u00fcminyum Profil Satinaj<br \/>\nEloksal \u00dcnitesi<br \/>\nAl\u00fcminyum Profil Fitil S\u0131kma (Yal\u0131t\u0131ml\u0131 Profiller)<br \/>\nPaketleme Hatlar\u0131<br \/>\nPlatin Kap\u0131 \u00dcretimi<br \/>\nSMART seri kap\u0131 \u00fcretimi<\/p>\n<p style=\"text-align: center;\"><strong>\u00dcR\u00dcN YELPAZES\u0130<\/strong><br \/>\nH\u0131zla de\u011fi\u015fen d\u00fcnya her g\u00fcn yeni talepler do\u011furuyor. Modern binalar, y\u00fcksek standartlarda \u00fcr\u00fcnleri gerektiriyor. AluWork, d\u00fcnyadaki en geli\u015fmi\u015f pazarlar\u0131n spesifikasyonlar\u0131na ve gereksinimlerine odaklanarak, yenilik\u00e7i \u00fcr\u00fcnleri i\u00e7eren ve modern bina ihtiya\u00e7lar\u0131na m\u00fckemmel \u015fekilde yan\u0131t veren bir \u00fcr\u00fcn portf\u00f6y\u00fc olu\u015fturmak i\u00e7in \u00e7al\u0131\u015f\u0131yor. \u00dcr\u00fcnlerimizi tasarlarken m\u00fc\u015fterilerimizin ihtiya\u00e7lar\u0131na m\u00fcmk\u00fcn olan en iyi \u00e7\u00f6z\u00fcm\u00fc sunmaya \u00e7abal\u0131yoruz. Geni\u015f \u00fcr\u00fcn yelpazemizde;<\/p>\n<p style=\"text-align: center;\"><strong>\u00dcretilen profiller;<\/strong><br \/>\nS\u00fcrme pencere ve kap\u0131 sistemleri<br \/>\nPanjur &amp; Panjur sistemleri<br \/>\nGiri\u015f kap\u0131lar\u0131<br \/>\nGiydirme Cephe ve Cephe Sistemleri<br \/>\nG\u00fcne\u015f k\u0131r\u0131c\u0131 sistemler<br \/>\nKorkuluk sistemleri<br \/>\nMobilya profilleri<br \/>\nStandart profiller<br \/>\nSineklik<br \/>\nBalkon k\u00fcpe\u015fte<br \/>\nPerde profilleri<br \/>\nDu\u015fa kabin profilleri<br \/>\nPergole<br \/>\nK\u00f6\u015febent seriler<br \/>\nS\u00fcrme \u00f6zel sistem seriler (Yal\u0131t\u0131ml\u0131, Yal\u0131t\u0131ms\u0131z)<\/p>\n<p style=\"text-align: center;\">Renk se\u00e7enekleri, ah\u015fap g\u00f6r\u00fcn\u00fcml\u00fc renkler, mimari ve d\u00fcz RAL renkler<\/p>\n<\/div><\/div> <\/div><div class=\"grve-background-wrapper\"><\/div><\/div><div class=\"grve-section\" data-section-title=\"\" data-section-type=\"fullwidth-background\" data-image-type=\"none\" data-full-height=\"no\"  style=\"padding-top: 0px;margin-bottom: -40px;\"><div class=\"grve-row grve-bookmark\"><div class=\"wpb_column grve-column grve-bookmark grve-column-1\">\n\t\t\t<!-- START uretim REVOLUTION SLIDER 6.6.5 --><p class=\"rs-p-wp-fix\"><\/p>\n\t\t\t<rs-module-wrap id=\"rev_slider_4_1_wrapper\" data-source=\"gallery\" style=\"visibility:hidden;background:transparent;padding:0;margin:0px auto;margin-top:0;margin-bottom:0;\">\n\t\t\t\t<rs-module id=\"rev_slider_4_1\" style=\"\" data-version=\"6.6.5\">\n\t\t\t\t\t<rs-slides style=\"overflow: hidden; position: absolute;\">\n\t\t\t\t\t\t<rs-slide style=\"position: absolute;\" data-key=\"rs-12\" data-title=\"Slide\" data-in=\"o:0;\" data-out=\"a:false;\">\n\t\t\t\t\t\t\t<img decoding=\"async\" src=\"\/\/sahoglularigroup.com\/wp-content\/plugins\/revslider\/public\/assets\/assets\/dummy.png\" alt=\"\" title=\"aluwork-2024-S_12.jpeg\" width=\"1920\" height=\"1080\" class=\"rev-slidebg tp-rs-img rs-lazyload\" data-lazyload=\"\/\/sahoglularigroup.com\/wp-content\/uploads\/revslider\/video-media\/aluwork-2024-S_12.jpeg\" data-no-retina>\n\t\t\t\t\t\t\t<rs-bgvideo \n\t\t\t\t\t\t\t\tdata-video=\"w:100%;h:100%;nse:false;l:true;ptimer:false;vfc:true;\"\n\t\t\t\t\t\t\t\tdata-mp4=\"\/\/sahoglularigroup.com\/wp-content\/uploads\/2024\/12\/aluwork-2024-S.mp4\"\n\t\t\t\t\t\t\t><\/rs-bgvideo>\n<!---->\t\t\t\t\t\t<\/rs-slide>\n\t\t\t\t\t<\/rs-slides>\n\t\t\t\t<\/rs-module>\n\t\t\t\t<script>\n\t\t\t\t\tsetREVStartSize({c: 'rev_slider_4_1',rl:[1240,1024,778,480],el:[900],gw:[1240],gh:[900],type:'hero',justify:'',layout:'fullwidth',mh:\"0\"});if (window.RS_MODULES!==undefined && window.RS_MODULES.modules!==undefined && window.RS_MODULES.modules[\"revslider41\"]!==undefined) {window.RS_MODULES.modules[\"revslider41\"].once = false;window.revapi4 = undefined;if (window.RS_MODULES.checkMinimal!==undefined) window.RS_MODULES.checkMinimal()}\n\t\t\t\t<\/script>\n\t\t\t<\/rs-module-wrap>\n\t\t\t<!-- END REVOLUTION SLIDER -->\n<\/div> <\/div><div class=\"grve-background-wrapper\"><\/div><\/div>\n","protected":false},"excerpt":{"rendered":"\u00dcretim Tesisimiz Y\u0131ll\u0131k 8.400 ton kapasiteli 2 Ekstr\u00fczyon Hatt\u0131 Termik F\u0131r\u0131n Al\u00fcminyum Profil y\u0131kama ve temizleme havuzlar\u0131 Yatay Boya Hatt\u0131 Vakum Ah\u015fap Tah\u0131l Is\u0131 Transfer Makinesi Al\u00fcminyum Profil Polisaj Al\u00fcminyum Profil Satinaj Eloksal \u00dcnitesi Al\u00fcminyum Profil Fitil S\u0131kma (Yal\u0131t\u0131ml\u0131 Profiller) Paketleme Hatlar\u0131 Platin Kap\u0131 \u00dcretimi SMART seri kap\u0131 \u00fcretimi \u00dcR\u00dcN YELPAZES\u0130 H\u0131zla de\u011fi\u015fen d\u00fcnya her [...]","protected":false},"author":1,"featured_media":0,"parent":0,"menu_order":0,"comment_status":"open","ping_status":"closed","template":"","meta":{"footnotes":""},"class_list":["post-6631","page","type-page","status-publish","hentry"],"yoast_head":"<!-- This site is optimized with the Yoast SEO plugin v27.0 - https:\/\/yoast.com\/product\/yoast-seo-wordpress\/ -->\n<title>\u00dcretim Tesisimiz - ALUWORK ALUMINIUM SYSTEM PROFILES A.\u015eAHO\u011eLULARI LTD.<\/title>\n<meta name=\"robots\" content=\"index, follow, max-snippet:-1, max-image-preview:large, max-video-preview:-1\" \/>\n<link rel=\"canonical\" href=\"https:\/\/sahoglularigroup.com\/en\/uretim-tesisimiz\/\" \/>\n<meta property=\"og:locale\" content=\"en_GB\" \/>\n<meta property=\"og:type\" content=\"article\" \/>\n<meta property=\"og:title\" content=\"\u00dcretim Tesisimiz - ALUWORK ALUMINIUM SYSTEM PROFILES A.\u015eAHO\u011eLULARI LTD.\" \/>\n<meta property=\"og:url\" content=\"https:\/\/sahoglularigroup.com\/en\/uretim-tesisimiz\/\" \/>\n<meta property=\"og:site_name\" content=\"ALUWORK ALUMINIUM SYSTEM PROFILES A.\u015eAHO\u011eLULARI LTD.\" \/>\n<meta property=\"article:publisher\" content=\"https:\/\/www.facebook.com\/aluworkcyprus\/\" \/>\n<meta property=\"article:modified_time\" content=\"2024-12-06T11:43:58+00:00\" \/>\n<meta name=\"twitter:card\" content=\"summary_large_image\" \/>\n<meta name=\"twitter:label1\" content=\"Estimated reading time\" \/>\n\t<meta name=\"twitter:data1\" content=\"2 minutes\" \/>\n<script type=\"application\/ld+json\" class=\"yoast-schema-graph\">{\"@context\":\"https:\/\/schema.org\",\"@graph\":[{\"@type\":\"WebPage\",\"@id\":\"https:\/\/sahoglularigroup.com\/uretim-tesisimiz\/\",\"url\":\"https:\/\/sahoglularigroup.com\/uretim-tesisimiz\/\",\"name\":\"\u00dcretim Tesisimiz - ALUWORK ALUMINIUM SYSTEM PROFILES A.\u015eAHO\u011eLULARI LTD.\",\"isPartOf\":{\"@id\":\"https:\/\/sahoglularigroup.com\/#website\"},\"datePublished\":\"2024-10-07T13:53:55+00:00\",\"dateModified\":\"2024-12-06T11:43:58+00:00\",\"breadcrumb\":{\"@id\":\"https:\/\/sahoglularigroup.com\/uretim-tesisimiz\/#breadcrumb\"},\"inLanguage\":\"en-GB\",\"potentialAction\":[{\"@type\":\"ReadAction\",\"target\":[\"https:\/\/sahoglularigroup.com\/uretim-tesisimiz\/\"]}]},{\"@type\":\"BreadcrumbList\",\"@id\":\"https:\/\/sahoglularigroup.com\/uretim-tesisimiz\/#breadcrumb\",\"itemListElement\":[{\"@type\":\"ListItem\",\"position\":1,\"name\":\"Anasayfa\",\"item\":\"https:\/\/sahoglularigroup.com\/\"},{\"@type\":\"ListItem\",\"position\":2,\"name\":\"\u00dcretim Tesisimiz\"}]},{\"@type\":\"WebSite\",\"@id\":\"https:\/\/sahoglularigroup.com\/#website\",\"url\":\"https:\/\/sahoglularigroup.com\/\",\"name\":\"ALUWORK ALUMINIUM SYSTEM PROFILES A.\u015eAHO\u011eLULARI LTD.\",\"description\":\"Yar\u0131m As\u0131rl\u0131k Tecr\u00fcbe\u2026\",\"publisher\":{\"@id\":\"https:\/\/sahoglularigroup.com\/#organization\"},\"alternateName\":\"Al\u00fcminyum Kap\u0131 ve Pencere Sistemleri Al\u00fcminyum Giydirme Cephe Sistemleri\",\"potentialAction\":[{\"@type\":\"SearchAction\",\"target\":{\"@type\":\"EntryPoint\",\"urlTemplate\":\"https:\/\/sahoglularigroup.com\/?s={search_term_string}\"},\"query-input\":{\"@type\":\"PropertyValueSpecification\",\"valueRequired\":true,\"valueName\":\"search_term_string\"}}],\"inLanguage\":\"en-GB\"},{\"@type\":\"Organization\",\"@id\":\"https:\/\/sahoglularigroup.com\/#organization\",\"name\":\"ALUWORK ALUMINIUM SYSTEM PROFILES A.\u015eAHO\u011eLULARI LTD.\",\"alternateName\":\"Al\u00fcminyum Kap\u0131 ve Pencere Sistemleri Al\u00fcminyum Giydirme Cephe Sistemleri\",\"url\":\"https:\/\/sahoglularigroup.com\/\",\"logo\":{\"@type\":\"ImageObject\",\"inLanguage\":\"en-GB\",\"@id\":\"https:\/\/sahoglularigroup.com\/#\/schema\/logo\/image\/\",\"url\":\"https:\/\/sahoglularigroup.com\/wp-content\/uploads\/2025\/04\/Sahoglulari-icon.png\",\"contentUrl\":\"https:\/\/sahoglularigroup.com\/wp-content\/uploads\/2025\/04\/Sahoglulari-icon.png\",\"width\":130,\"height\":130,\"caption\":\"ALUWORK ALUMINIUM SYSTEM PROFILES A.\u015eAHO\u011eLULARI LTD.\"},\"image\":{\"@id\":\"https:\/\/sahoglularigroup.com\/#\/schema\/logo\/image\/\"},\"sameAs\":[\"https:\/\/www.facebook.com\/aluworkcyprus\/\",\"https:\/\/www.instagram.com\/aluworkcyprus\/\"]}]}<\/script>\n<!-- \/ Yoast SEO plugin. -->","yoast_head_json":{"title":"\u00dcretim Tesisimiz - ALUWORK ALUMINIUM SYSTEM PROFILES A.\u015eAHO\u011eLULARI LTD.","robots":{"index":"index","follow":"follow","max-snippet":"max-snippet:-1","max-image-preview":"max-image-preview:large","max-video-preview":"max-video-preview:-1"},"canonical":"https:\/\/sahoglularigroup.com\/en\/uretim-tesisimiz\/","og_locale":"en_GB","og_type":"article","og_title":"\u00dcretim Tesisimiz - ALUWORK ALUMINIUM SYSTEM PROFILES A.\u015eAHO\u011eLULARI LTD.","og_url":"https:\/\/sahoglularigroup.com\/en\/uretim-tesisimiz\/","og_site_name":"ALUWORK ALUMINIUM SYSTEM PROFILES A.\u015eAHO\u011eLULARI LTD.","article_publisher":"https:\/\/www.facebook.com\/aluworkcyprus\/","article_modified_time":"2024-12-06T11:43:58+00:00","twitter_card":"summary_large_image","twitter_misc":{"Estimated reading time":"2 minutes"},"schema":{"@context":"https:\/\/schema.org","@graph":[{"@type":"WebPage","@id":"https:\/\/sahoglularigroup.com\/uretim-tesisimiz\/","url":"https:\/\/sahoglularigroup.com\/uretim-tesisimiz\/","name":"\u00dcretim Tesisimiz - ALUWORK ALUMINIUM SYSTEM PROFILES A.\u015eAHO\u011eLULARI LTD.","isPartOf":{"@id":"https:\/\/sahoglularigroup.com\/#website"},"datePublished":"2024-10-07T13:53:55+00:00","dateModified":"2024-12-06T11:43:58+00:00","breadcrumb":{"@id":"https:\/\/sahoglularigroup.com\/uretim-tesisimiz\/#breadcrumb"},"inLanguage":"en-GB","potentialAction":[{"@type":"ReadAction","target":["https:\/\/sahoglularigroup.com\/uretim-tesisimiz\/"]}]},{"@type":"BreadcrumbList","@id":"https:\/\/sahoglularigroup.com\/uretim-tesisimiz\/#breadcrumb","itemListElement":[{"@type":"ListItem","position":1,"name":"Anasayfa","item":"https:\/\/sahoglularigroup.com\/"},{"@type":"ListItem","position":2,"name":"\u00dcretim Tesisimiz"}]},{"@type":"WebSite","@id":"https:\/\/sahoglularigroup.com\/#website","url":"https:\/\/sahoglularigroup.com\/","name":"ALUWORK ALUMINIUM SYSTEM PROFILES A.\u015eAHO\u011eLULARI LTD.","description":"Half a Century of Experience...","publisher":{"@id":"https:\/\/sahoglularigroup.com\/#organization"},"alternateName":"Al\u00fcminyum Kap\u0131 ve Pencere Sistemleri Al\u00fcminyum Giydirme Cephe Sistemleri","potentialAction":[{"@type":"SearchAction","target":{"@type":"EntryPoint","urlTemplate":"https:\/\/sahoglularigroup.com\/?s={search_term_string}"},"query-input":{"@type":"PropertyValueSpecification","valueRequired":true,"valueName":"search_term_string"}}],"inLanguage":"en-GB"},{"@type":"Organization","@id":"https:\/\/sahoglularigroup.com\/#organization","name":"ALUWORK ALUMINIUM SYSTEM PROFILES A.\u015eAHO\u011eLULARI LTD.","alternateName":"Al\u00fcminyum Kap\u0131 ve Pencere Sistemleri Al\u00fcminyum Giydirme Cephe Sistemleri","url":"https:\/\/sahoglularigroup.com\/","logo":{"@type":"ImageObject","inLanguage":"en-GB","@id":"https:\/\/sahoglularigroup.com\/#\/schema\/logo\/image\/","url":"https:\/\/sahoglularigroup.com\/wp-content\/uploads\/2025\/04\/Sahoglulari-icon.png","contentUrl":"https:\/\/sahoglularigroup.com\/wp-content\/uploads\/2025\/04\/Sahoglulari-icon.png","width":130,"height":130,"caption":"ALUWORK ALUMINIUM SYSTEM PROFILES A.\u015eAHO\u011eLULARI LTD."},"image":{"@id":"https:\/\/sahoglularigroup.com\/#\/schema\/logo\/image\/"},"sameAs":["https:\/\/www.facebook.com\/aluworkcyprus\/","https:\/\/www.instagram.com\/aluworkcyprus\/"]}]}},"_links":{"self":[{"href":"https:\/\/sahoglularigroup.com\/en\/wp-json\/wp\/v2\/pages\/6631","targetHints":{"allow":["GET"]}}],"collection":[{"href":"https:\/\/sahoglularigroup.com\/en\/wp-json\/wp\/v2\/pages"}],"about":[{"href":"https:\/\/sahoglularigroup.com\/en\/wp-json\/wp\/v2\/types\/page"}],"author":[{"embeddable":true,"href":"https:\/\/sahoglularigroup.com\/en\/wp-json\/wp\/v2\/users\/1"}],"replies":[{"embeddable":true,"href":"https:\/\/sahoglularigroup.com\/en\/wp-json\/wp\/v2\/comments?post=6631"}],"version-history":[{"count":0,"href":"https:\/\/sahoglularigroup.com\/en\/wp-json\/wp\/v2\/pages\/6631\/revisions"}],"wp:attachment":[{"href":"https:\/\/sahoglularigroup.com\/en\/wp-json\/wp\/v2\/media?parent=6631"}],"curies":[{"name":"wp","href":"https:\/\/api.w.org\/{rel}","templated":true}]}}