{"id":6642,"date":"2024-10-07T17:14:47","date_gmt":"2024-10-07T14:14:47","guid":{"rendered":"http:\/\/sahoglularigroup.com\/?page_id=6642"},"modified":"2025-01-09T12:33:12","modified_gmt":"2025-01-09T09:33:12","slug":"sertifikalarimiz","status":"publish","type":"page","link":"https:\/\/sahoglularigroup.com\/en\/sertifikalarimiz\/","title":{"rendered":"Our Certificates"},"content":{"rendered":"<div class=\"grve-section\" data-section-title=\"\" data-section-type=\"fullwidth-background\" data-image-type=\"none\" data-full-height=\"no\"  style=\"padding-bottom: 60px;\"><div class=\"grve-row grve-bookmark\"><div class=\"wpb_column grve-column grve-bookmark grve-column-1\"><div class=\"grve-element grve-slogan grve-align-center\" style=\"\"><h1 class=\"grve-slogan-title grve-align-center grve-title-line\"><span>Our Certificates<\/span><\/h1>  <p class=\"\"><\/p><\/div><div class=\"grve-element grve-text\"><p style=\"text-align: center;\">Our Certificates<\/p>\n<\/div><\/div> <\/div><div class=\"grve-background-wrapper\"><\/div><\/div><div class=\"grve-section\" data-section-title=\"\" data-section-type=\"fullwidth-background\" data-image-type=\"none\" data-full-height=\"no\"><div class=\"grve-row grve-bookmark\"><div class=\"wpb_column grve-column grve-bookmark grve-column-1\"><div class=\"grve-element grve-gallery grve-isotope grve-gallery-popup\" style=\"\" data-gutter=\"yes\" data-type=\"3-columns\" data-layout=\"fitRows\"><div class=\"grve-isotope-container\"><div class=\"grve-isotope-item\"><a href=\"https:\/\/sahoglularigroup.com\/wp-content\/uploads\/2025\/01\/Sertifika-4.jpg\"><figure class=\"grve-image-hover grve-zoom-in\"><div class=\"grve-media grve-dark-overlay grve-opacity-60\"><img loading=\"lazy\" decoding=\"async\" width=\"727\" height=\"1024\" src=\"https:\/\/sahoglularigroup.com\/wp-content\/uploads\/2025\/01\/Sertifika-4-727x1024.jpg\" class=\"attachment-large size-large\" alt=\"\" srcset=\"https:\/\/sahoglularigroup.com\/wp-content\/uploads\/2025\/01\/Sertifika-4-727x1024.jpg 727w, https:\/\/sahoglularigroup.com\/wp-content\/uploads\/2025\/01\/Sertifika-4-213x300.jpg 213w, https:\/\/sahoglularigroup.com\/wp-content\/uploads\/2025\/01\/Sertifika-4-768x1082.jpg 768w, https:\/\/sahoglularigroup.com\/wp-content\/uploads\/2025\/01\/Sertifika-4-1090x1536.jpg 1090w, https:\/\/sahoglularigroup.com\/wp-content\/uploads\/2025\/01\/Sertifika-4-9x12.jpg 9w, https:\/\/sahoglularigroup.com\/wp-content\/uploads\/2025\/01\/Sertifika-4.jpg 1100w\" sizes=\"auto, (max-width: 727px) 100vw, 727px\" \/><\/div><figcaption><\/figcaption><\/figure><\/a><\/div><div class=\"grve-isotope-item\"><a href=\"https:\/\/sahoglularigroup.com\/wp-content\/uploads\/2025\/01\/Sertifika-5.jpg\"><figure class=\"grve-image-hover grve-zoom-in\"><div class=\"grve-media grve-dark-overlay grve-opacity-60\"><img loading=\"lazy\" decoding=\"async\" width=\"727\" height=\"1024\" src=\"https:\/\/sahoglularigroup.com\/wp-content\/uploads\/2025\/01\/Sertifika-5-727x1024.jpg\" class=\"attachment-large size-large\" alt=\"\" srcset=\"https:\/\/sahoglularigroup.com\/wp-content\/uploads\/2025\/01\/Sertifika-5-727x1024.jpg 727w, https:\/\/sahoglularigroup.com\/wp-content\/uploads\/2025\/01\/Sertifika-5-213x300.jpg 213w, https:\/\/sahoglularigroup.com\/wp-content\/uploads\/2025\/01\/Sertifika-5-768x1082.jpg 768w, https:\/\/sahoglularigroup.com\/wp-content\/uploads\/2025\/01\/Sertifika-5-1090x1536.jpg 1090w, https:\/\/sahoglularigroup.com\/wp-content\/uploads\/2025\/01\/Sertifika-5-9x12.jpg 9w, https:\/\/sahoglularigroup.com\/wp-content\/uploads\/2025\/01\/Sertifika-5.jpg 1100w\" sizes=\"auto, (max-width: 727px) 100vw, 727px\" \/><\/div><figcaption><\/figcaption><\/figure><\/a><\/div><div class=\"grve-isotope-item\"><a href=\"https:\/\/sahoglularigroup.com\/wp-content\/uploads\/2025\/01\/Sertifika-6.jpg\"><figure class=\"grve-image-hover grve-zoom-in\"><div class=\"grve-media grve-dark-overlay grve-opacity-60\"><img loading=\"lazy\" decoding=\"async\" width=\"727\" height=\"1024\" src=\"https:\/\/sahoglularigroup.com\/wp-content\/uploads\/2025\/01\/Sertifika-6-727x1024.jpg\" class=\"attachment-large size-large\" alt=\"\" srcset=\"https:\/\/sahoglularigroup.com\/wp-content\/uploads\/2025\/01\/Sertifika-6-727x1024.jpg 727w, https:\/\/sahoglularigroup.com\/wp-content\/uploads\/2025\/01\/Sertifika-6-213x300.jpg 213w, https:\/\/sahoglularigroup.com\/wp-content\/uploads\/2025\/01\/Sertifika-6-768x1082.jpg 768w, https:\/\/sahoglularigroup.com\/wp-content\/uploads\/2025\/01\/Sertifika-6-1090x1536.jpg 1090w, https:\/\/sahoglularigroup.com\/wp-content\/uploads\/2025\/01\/Sertifika-6-9x12.jpg 9w, https:\/\/sahoglularigroup.com\/wp-content\/uploads\/2025\/01\/Sertifika-6.jpg 1100w\" sizes=\"auto, (max-width: 727px) 100vw, 727px\" \/><\/div><figcaption><\/figcaption><\/figure><\/a><\/div><div class=\"grve-isotope-item\"><a href=\"https:\/\/sahoglularigroup.com\/wp-content\/uploads\/2025\/01\/Sertifika-2.jpg\"><figure class=\"grve-image-hover grve-zoom-in\"><div class=\"grve-media grve-dark-overlay grve-opacity-60\"><img loading=\"lazy\" decoding=\"async\" width=\"727\" height=\"1024\" src=\"https:\/\/sahoglularigroup.com\/wp-content\/uploads\/2025\/01\/Sertifika-2-727x1024.jpg\" class=\"attachment-large size-large\" alt=\"\" srcset=\"https:\/\/sahoglularigroup.com\/wp-content\/uploads\/2025\/01\/Sertifika-2-727x1024.jpg 727w, https:\/\/sahoglularigroup.com\/wp-content\/uploads\/2025\/01\/Sertifika-2-213x300.jpg 213w, https:\/\/sahoglularigroup.com\/wp-content\/uploads\/2025\/01\/Sertifika-2-768x1082.jpg 768w, https:\/\/sahoglularigroup.com\/wp-content\/uploads\/2025\/01\/Sertifika-2-1090x1536.jpg 1090w, https:\/\/sahoglularigroup.com\/wp-content\/uploads\/2025\/01\/Sertifika-2-9x12.jpg 9w, https:\/\/sahoglularigroup.com\/wp-content\/uploads\/2025\/01\/Sertifika-2.jpg 1100w\" sizes=\"auto, (max-width: 727px) 100vw, 727px\" \/><\/div><figcaption><\/figcaption><\/figure><\/a><\/div><div class=\"grve-isotope-item\"><a href=\"https:\/\/sahoglularigroup.com\/wp-content\/uploads\/2025\/01\/Sertifika-1.jpg\"><figure class=\"grve-image-hover grve-zoom-in\"><div class=\"grve-media grve-dark-overlay grve-opacity-60\"><img loading=\"lazy\" decoding=\"async\" width=\"727\" height=\"1024\" src=\"https:\/\/sahoglularigroup.com\/wp-content\/uploads\/2025\/01\/Sertifika-1-727x1024.jpg\" class=\"attachment-large size-large\" alt=\"\" srcset=\"https:\/\/sahoglularigroup.com\/wp-content\/uploads\/2025\/01\/Sertifika-1-727x1024.jpg 727w, https:\/\/sahoglularigroup.com\/wp-content\/uploads\/2025\/01\/Sertifika-1-213x300.jpg 213w, https:\/\/sahoglularigroup.com\/wp-content\/uploads\/2025\/01\/Sertifika-1-768x1082.jpg 768w, https:\/\/sahoglularigroup.com\/wp-content\/uploads\/2025\/01\/Sertifika-1-1090x1536.jpg 1090w, https:\/\/sahoglularigroup.com\/wp-content\/uploads\/2025\/01\/Sertifika-1-9x12.jpg 9w, https:\/\/sahoglularigroup.com\/wp-content\/uploads\/2025\/01\/Sertifika-1.jpg 1100w\" sizes=\"auto, (max-width: 727px) 100vw, 727px\" \/><\/div><figcaption><\/figcaption><\/figure><\/a><\/div><div class=\"grve-isotope-item\"><a href=\"https:\/\/sahoglularigroup.com\/wp-content\/uploads\/2025\/01\/Sertifika-3.jpg\"><figure class=\"grve-image-hover grve-zoom-in\"><div class=\"grve-media grve-dark-overlay grve-opacity-60\"><img loading=\"lazy\" decoding=\"async\" width=\"727\" height=\"1024\" src=\"https:\/\/sahoglularigroup.com\/wp-content\/uploads\/2025\/01\/Sertifika-3-727x1024.jpg\" class=\"attachment-large size-large\" alt=\"\" srcset=\"https:\/\/sahoglularigroup.com\/wp-content\/uploads\/2025\/01\/Sertifika-3-727x1024.jpg 727w, https:\/\/sahoglularigroup.com\/wp-content\/uploads\/2025\/01\/Sertifika-3-213x300.jpg 213w, https:\/\/sahoglularigroup.com\/wp-content\/uploads\/2025\/01\/Sertifika-3-768x1082.jpg 768w, https:\/\/sahoglularigroup.com\/wp-content\/uploads\/2025\/01\/Sertifika-3-1090x1536.jpg 1090w, https:\/\/sahoglularigroup.com\/wp-content\/uploads\/2025\/01\/Sertifika-3-9x12.jpg 9w, https:\/\/sahoglularigroup.com\/wp-content\/uploads\/2025\/01\/Sertifika-3.jpg 1100w\" sizes=\"auto, (max-width: 727px) 100vw, 727px\" \/><\/div><figcaption><\/figcaption><\/figure><\/a><\/div><\/div><\/div><\/div> <\/div><div class=\"grve-background-wrapper\"><\/div><\/div>","protected":false},"excerpt":{"rendered":"Sertifikalar\u0131m\u0131z Sertifikalar\u0131m\u0131z","protected":false},"author":1,"featured_media":0,"parent":0,"menu_order":0,"comment_status":"open","ping_status":"closed","template":"","meta":{"footnotes":""},"class_list":["post-6642","page","type-page","status-publish","hentry"],"yoast_head":"<!-- This site is optimized with the Yoast SEO plugin v27.0 - https:\/\/yoast.com\/product\/yoast-seo-wordpress\/ -->\n<title>Sertifikalar\u0131m\u0131z - ALUWORK ALUMINIUM SYSTEM PROFILES A.\u015eAHO\u011eLULARI LTD.<\/title>\n<meta name=\"robots\" content=\"index, follow, max-snippet:-1, max-image-preview:large, max-video-preview:-1\" \/>\n<link rel=\"canonical\" href=\"https:\/\/sahoglularigroup.com\/en\/sertifikalarimiz\/\" \/>\n<meta property=\"og:locale\" content=\"en_GB\" \/>\n<meta property=\"og:type\" content=\"article\" \/>\n<meta property=\"og:title\" content=\"Sertifikalar\u0131m\u0131z - ALUWORK ALUMINIUM SYSTEM PROFILES A.\u015eAHO\u011eLULARI LTD.\" \/>\n<meta property=\"og:url\" content=\"https:\/\/sahoglularigroup.com\/en\/sertifikalarimiz\/\" \/>\n<meta property=\"og:site_name\" content=\"ALUWORK ALUMINIUM SYSTEM PROFILES A.\u015eAHO\u011eLULARI LTD.\" \/>\n<meta property=\"article:publisher\" content=\"https:\/\/www.facebook.com\/aluworkcyprus\/\" \/>\n<meta property=\"article:modified_time\" content=\"2025-01-09T09:33:12+00:00\" \/>\n<meta name=\"twitter:card\" content=\"summary_large_image\" \/>\n<meta name=\"twitter:label1\" content=\"Estimated reading time\" \/>\n\t<meta name=\"twitter:data1\" content=\"3 minutes\" \/>\n<script type=\"application\/ld+json\" class=\"yoast-schema-graph\">{\"@context\":\"https:\/\/schema.org\",\"@graph\":[{\"@type\":\"WebPage\",\"@id\":\"https:\/\/sahoglularigroup.com\/sertifikalarimiz\/\",\"url\":\"https:\/\/sahoglularigroup.com\/sertifikalarimiz\/\",\"name\":\"Sertifikalar\u0131m\u0131z - ALUWORK ALUMINIUM SYSTEM PROFILES A.\u015eAHO\u011eLULARI LTD.\",\"isPartOf\":{\"@id\":\"https:\/\/sahoglularigroup.com\/#website\"},\"datePublished\":\"2024-10-07T14:14:47+00:00\",\"dateModified\":\"2025-01-09T09:33:12+00:00\",\"breadcrumb\":{\"@id\":\"https:\/\/sahoglularigroup.com\/sertifikalarimiz\/#breadcrumb\"},\"inLanguage\":\"en-GB\",\"potentialAction\":[{\"@type\":\"ReadAction\",\"target\":[\"https:\/\/sahoglularigroup.com\/sertifikalarimiz\/\"]}]},{\"@type\":\"BreadcrumbList\",\"@id\":\"https:\/\/sahoglularigroup.com\/sertifikalarimiz\/#breadcrumb\",\"itemListElement\":[{\"@type\":\"ListItem\",\"position\":1,\"name\":\"Anasayfa\",\"item\":\"https:\/\/sahoglularigroup.com\/\"},{\"@type\":\"ListItem\",\"position\":2,\"name\":\"Sertifikalar\u0131m\u0131z\"}]},{\"@type\":\"WebSite\",\"@id\":\"https:\/\/sahoglularigroup.com\/#website\",\"url\":\"https:\/\/sahoglularigroup.com\/\",\"name\":\"ALUWORK ALUMINIUM SYSTEM PROFILES A.\u015eAHO\u011eLULARI LTD.\",\"description\":\"Yar\u0131m As\u0131rl\u0131k Tecr\u00fcbe\u2026\",\"publisher\":{\"@id\":\"https:\/\/sahoglularigroup.com\/#organization\"},\"alternateName\":\"Al\u00fcminyum Kap\u0131 ve Pencere Sistemleri Al\u00fcminyum Giydirme Cephe Sistemleri\",\"potentialAction\":[{\"@type\":\"SearchAction\",\"target\":{\"@type\":\"EntryPoint\",\"urlTemplate\":\"https:\/\/sahoglularigroup.com\/?s={search_term_string}\"},\"query-input\":{\"@type\":\"PropertyValueSpecification\",\"valueRequired\":true,\"valueName\":\"search_term_string\"}}],\"inLanguage\":\"en-GB\"},{\"@type\":\"Organization\",\"@id\":\"https:\/\/sahoglularigroup.com\/#organization\",\"name\":\"ALUWORK ALUMINIUM SYSTEM PROFILES A.\u015eAHO\u011eLULARI LTD.\",\"alternateName\":\"Al\u00fcminyum Kap\u0131 ve Pencere Sistemleri Al\u00fcminyum Giydirme Cephe Sistemleri\",\"url\":\"https:\/\/sahoglularigroup.com\/\",\"logo\":{\"@type\":\"ImageObject\",\"inLanguage\":\"en-GB\",\"@id\":\"https:\/\/sahoglularigroup.com\/#\/schema\/logo\/image\/\",\"url\":\"https:\/\/sahoglularigroup.com\/wp-content\/uploads\/2025\/04\/Sahoglulari-icon.png\",\"contentUrl\":\"https:\/\/sahoglularigroup.com\/wp-content\/uploads\/2025\/04\/Sahoglulari-icon.png\",\"width\":130,\"height\":130,\"caption\":\"ALUWORK ALUMINIUM SYSTEM PROFILES A.\u015eAHO\u011eLULARI LTD.\"},\"image\":{\"@id\":\"https:\/\/sahoglularigroup.com\/#\/schema\/logo\/image\/\"},\"sameAs\":[\"https:\/\/www.facebook.com\/aluworkcyprus\/\",\"https:\/\/www.instagram.com\/aluworkcyprus\/\"]}]}<\/script>\n<!-- \/ Yoast SEO plugin. -->","yoast_head_json":{"title":"Sertifikalar\u0131m\u0131z - ALUWORK ALUMINIUM SYSTEM PROFILES A.\u015eAHO\u011eLULARI LTD.","robots":{"index":"index","follow":"follow","max-snippet":"max-snippet:-1","max-image-preview":"max-image-preview:large","max-video-preview":"max-video-preview:-1"},"canonical":"https:\/\/sahoglularigroup.com\/en\/sertifikalarimiz\/","og_locale":"en_GB","og_type":"article","og_title":"Sertifikalar\u0131m\u0131z - ALUWORK ALUMINIUM SYSTEM PROFILES A.\u015eAHO\u011eLULARI LTD.","og_url":"https:\/\/sahoglularigroup.com\/en\/sertifikalarimiz\/","og_site_name":"ALUWORK ALUMINIUM SYSTEM PROFILES A.\u015eAHO\u011eLULARI LTD.","article_publisher":"https:\/\/www.facebook.com\/aluworkcyprus\/","article_modified_time":"2025-01-09T09:33:12+00:00","twitter_card":"summary_large_image","twitter_misc":{"Estimated reading time":"3 minutes"},"schema":{"@context":"https:\/\/schema.org","@graph":[{"@type":"WebPage","@id":"https:\/\/sahoglularigroup.com\/sertifikalarimiz\/","url":"https:\/\/sahoglularigroup.com\/sertifikalarimiz\/","name":"Sertifikalar\u0131m\u0131z - ALUWORK ALUMINIUM SYSTEM PROFILES A.\u015eAHO\u011eLULARI LTD.","isPartOf":{"@id":"https:\/\/sahoglularigroup.com\/#website"},"datePublished":"2024-10-07T14:14:47+00:00","dateModified":"2025-01-09T09:33:12+00:00","breadcrumb":{"@id":"https:\/\/sahoglularigroup.com\/sertifikalarimiz\/#breadcrumb"},"inLanguage":"en-GB","potentialAction":[{"@type":"ReadAction","target":["https:\/\/sahoglularigroup.com\/sertifikalarimiz\/"]}]},{"@type":"BreadcrumbList","@id":"https:\/\/sahoglularigroup.com\/sertifikalarimiz\/#breadcrumb","itemListElement":[{"@type":"ListItem","position":1,"name":"Anasayfa","item":"https:\/\/sahoglularigroup.com\/"},{"@type":"ListItem","position":2,"name":"Sertifikalar\u0131m\u0131z"}]},{"@type":"WebSite","@id":"https:\/\/sahoglularigroup.com\/#website","url":"https:\/\/sahoglularigroup.com\/","name":"ALUWORK ALUMINIUM SYSTEM PROFILES A.\u015eAHO\u011eLULARI LTD.","description":"Half a Century of Experience...","publisher":{"@id":"https:\/\/sahoglularigroup.com\/#organization"},"alternateName":"Al\u00fcminyum Kap\u0131 ve Pencere Sistemleri Al\u00fcminyum Giydirme Cephe Sistemleri","potentialAction":[{"@type":"SearchAction","target":{"@type":"EntryPoint","urlTemplate":"https:\/\/sahoglularigroup.com\/?s={search_term_string}"},"query-input":{"@type":"PropertyValueSpecification","valueRequired":true,"valueName":"search_term_string"}}],"inLanguage":"en-GB"},{"@type":"Organization","@id":"https:\/\/sahoglularigroup.com\/#organization","name":"ALUWORK ALUMINIUM SYSTEM PROFILES A.\u015eAHO\u011eLULARI LTD.","alternateName":"Al\u00fcminyum Kap\u0131 ve Pencere Sistemleri Al\u00fcminyum Giydirme Cephe Sistemleri","url":"https:\/\/sahoglularigroup.com\/","logo":{"@type":"ImageObject","inLanguage":"en-GB","@id":"https:\/\/sahoglularigroup.com\/#\/schema\/logo\/image\/","url":"https:\/\/sahoglularigroup.com\/wp-content\/uploads\/2025\/04\/Sahoglulari-icon.png","contentUrl":"https:\/\/sahoglularigroup.com\/wp-content\/uploads\/2025\/04\/Sahoglulari-icon.png","width":130,"height":130,"caption":"ALUWORK ALUMINIUM SYSTEM PROFILES A.\u015eAHO\u011eLULARI LTD."},"image":{"@id":"https:\/\/sahoglularigroup.com\/#\/schema\/logo\/image\/"},"sameAs":["https:\/\/www.facebook.com\/aluworkcyprus\/","https:\/\/www.instagram.com\/aluworkcyprus\/"]}]}},"_links":{"self":[{"href":"https:\/\/sahoglularigroup.com\/en\/wp-json\/wp\/v2\/pages\/6642","targetHints":{"allow":["GET"]}}],"collection":[{"href":"https:\/\/sahoglularigroup.com\/en\/wp-json\/wp\/v2\/pages"}],"about":[{"href":"https:\/\/sahoglularigroup.com\/en\/wp-json\/wp\/v2\/types\/page"}],"author":[{"embeddable":true,"href":"https:\/\/sahoglularigroup.com\/en\/wp-json\/wp\/v2\/users\/1"}],"replies":[{"embeddable":true,"href":"https:\/\/sahoglularigroup.com\/en\/wp-json\/wp\/v2\/comments?post=6642"}],"version-history":[{"count":0,"href":"https:\/\/sahoglularigroup.com\/en\/wp-json\/wp\/v2\/pages\/6642\/revisions"}],"wp:attachment":[{"href":"https:\/\/sahoglularigroup.com\/en\/wp-json\/wp\/v2\/media?parent=6642"}],"curies":[{"name":"wp","href":"https:\/\/api.w.org\/{rel}","templated":true}]}}